{"id":12578,"date":"2024-05-31T14:23:27","date_gmt":"2024-05-31T14:23:27","guid":{"rendered":"https:\/\/mobinteg.com\/?page_id=12578"},"modified":"2024-06-05T15:00:44","modified_gmt":"2024-06-05T15:00:44","slug":"tecnologia","status":"publish","type":"page","link":"https:\/\/mobinteg.com\/pt-pt\/tecnologia\/","title":{"rendered":"Tecnologia"},"content":{"rendered":"<p>[et_pb_section fb_built=&#8221;1&#8243; admin_label=&#8221;Header&#8221; module_class=&#8221;general-header&#8221; _builder_version=&#8221;4.17.3&#8243; _module_preset=&#8221;default&#8221; background_video_mp4=&#8221;https:\/\/mobinteg.com\/wp-content\/uploads\/2022\/05\/video.mp4&#8243; custom_css_after=&#8221;content: %22%22;||display: block;||position: absolute;||top: 0;||left: 0;||width: 100%;||height: 100%;||background-color: rgba(0,153,255,0.4);||z-index: 1;&#8221; locked=&#8221;off&#8221; global_colors_info=&#8221;{}&#8221;][et_pb_row _builder_version=&#8221;4.17.3&#8243; _module_preset=&#8221;default&#8221; global_colors_info=&#8221;{}&#8221;][et_pb_column type=&#8221;4_4&#8243; _builder_version=&#8221;4.17.3&#8243; _module_preset=&#8221;default&#8221; global_colors_info=&#8221;{}&#8221;][et_pb_text _builder_version=&#8221;4.17.3&#8243; _module_preset=&#8221;default&#8221; header_font=&#8221;|800|||||||&#8221; header_text_color=&#8221;#FFFFFF&#8221; custom_padding=&#8221;100px||100px||true|false&#8221; global_colors_info=&#8221;{}&#8221;]<\/p>\n<h1>Servi\u00e7os<\/h1>\n<p>[\/et_pb_text][\/et_pb_column][\/et_pb_row][\/et_pb_section][et_pb_section fb_built=&#8221;1&#8243; _builder_version=&#8221;4.17.3&#8243; _module_preset=&#8221;default&#8221; global_colors_info=&#8221;{}&#8221;][et_pb_row _builder_version=&#8221;4.17.3&#8243; _module_preset=&#8221;default&#8221; global_colors_info=&#8221;{}&#8221;][et_pb_column type=&#8221;4_4&#8243; _builder_version=&#8221;4.17.3&#8243; _module_preset=&#8221;default&#8221; global_colors_info=&#8221;{}&#8221;][et_pb_text _builder_version=&#8221;4.24.0&#8243; _module_preset=&#8221;8ab12279-bc26-4c75-8b0f-a03a38da1c3f&#8221; locked=&#8221;off&#8221; global_colors_info=&#8221;{}&#8221;]<\/p>\n<h1 style=\"text-align: center;\">TECNOLOGIA<\/h1>\n<p>[\/et_pb_text][et_pb_text _builder_version=&#8221;4.24.0&#8243; _module_preset=&#8221;default&#8221; global_colors_info=&#8221;{}&#8221;]<\/p>\n<p style=\"text-align: center;\"><strong>A tecnologia \u00e9 a pedra angular das nossas solu\u00e7\u00f5es inovadoras. A nossa dedica\u00e7\u00e3o em alavancar as novas tecnlogias garante que os nossos produtos n\u00e3o s\u00e3o apenas de \u00faltima gera\u00e7\u00e3o, mas tamb\u00e9m fi\u00e1veis, seguros e eficientes. <\/strong><\/p>\n<p>[\/et_pb_text][\/et_pb_column][\/et_pb_row][et_pb_row column_structure=&#8221;1_3,1_3,1_3&#8243; make_equal=&#8221;on&#8221; _builder_version=&#8221;4.17.3&#8243; _module_preset=&#8221;default&#8221; global_colors_info=&#8221;{}&#8221;][et_pb_column type=&#8221;1_3&#8243; _builder_version=&#8221;4.17.3&#8243; _module_preset=&#8221;default&#8221; background_color=&#8221;#f9f9f9&#8243; custom_css_main_element=&#8221;  display: flex;||  align-items: center;||  justify-content: center;&#8221; border_color_all=&#8221;#33ADFF&#8221; global_colors_info=&#8221;{}&#8221;][et_pb_text _builder_version=&#8221;4.24.0&#8243; _module_preset=&#8221;8ab12279-bc26-4c75-8b0f-a03a38da1c3f&#8221; text_orientation=&#8221;center&#8221; custom_padding=&#8221;30px|30px|30px|30px|true|true&#8221; global_colors_info=&#8221;{}&#8221;]<\/p>\n<h3><span>GEST\u00c3O DE PROJETOS JIRA<\/span><\/h3>\n<p>A gest\u00e3o eficaz de projetos \u00e9 crucial para a entrega bem sucedida. Na mobinteg, utilizamos o JIRA, uma ferramenta l\u00edder de gest\u00e3o de projetos, para simplificar os nossos fluxos de trabalho e melhorar a colabora\u00e7\u00e3o. O JIRA permite-nos acompanhar o progresso, gerir tarefas e garantir que os projetos se mant\u00eam dentro do prazo e do or\u00e7amento.<\/p>\n<p>[\/et_pb_text][\/et_pb_column][et_pb_column type=&#8221;1_3&#8243; _builder_version=&#8221;4.17.3&#8243; _module_preset=&#8221;default&#8221; background_color=&#8221;#f9f9f9&#8243; custom_css_main_element=&#8221;  display: flex;||  align-items: center;||  justify-content: center;&#8221; border_color_all=&#8221;#33ADFF&#8221; global_colors_info=&#8221;{}&#8221;][et_pb_text _builder_version=&#8221;4.24.0&#8243; _module_preset=&#8221;8ab12279-bc26-4c75-8b0f-a03a38da1c3f&#8221; text_orientation=&#8221;center&#8221; custom_padding=&#8221;30px|30px|30px|30px|true|true&#8221; locked=&#8221;off&#8221; global_colors_info=&#8221;{}&#8221;]<\/p>\n<h3><span>IA E MACHINE LEARNING<\/span><\/h3>\n<p>A Intelig\u00eancia Artificial (IA) e o Machine Learning (ML) est\u00e3o na vanguarda da inova\u00e7\u00e3o tecnol\u00f3gica e a mobinteg dedica-se a integrar estas capacidades avan\u00e7adas nas suas solu\u00e7\u00f5es. Desde a an\u00e1lise preditiva ao processamento de linguagem natural e vis\u00e3o computacional, desenvolvemos solu\u00e7\u00f5es personalizadas de IA que geram valor e inova\u00e7\u00e3o.<\/p>\n<p>[\/et_pb_text][\/et_pb_column][et_pb_column type=&#8221;1_3&#8243; _builder_version=&#8221;4.17.3&#8243; _module_preset=&#8221;default&#8221; background_color=&#8221;#f9f9f9&#8243; custom_css_main_element=&#8221;  display: flex;||  align-items: center;||  justify-content: center;&#8221; border_color_all=&#8221;#33ADFF&#8221; global_colors_info=&#8221;{}&#8221;][et_pb_text _builder_version=&#8221;4.24.0&#8243; _module_preset=&#8221;8ab12279-bc26-4c75-8b0f-a03a38da1c3f&#8221; text_orientation=&#8221;center&#8221; custom_padding=&#8221;30px|30px|30px|30px|true|true&#8221; locked=&#8221;off&#8221; global_colors_info=&#8221;{}&#8221;]<\/p>\n<h3><span>DESENVOLVIMENTO WEB &#8211; WORDPRESS<\/span><\/h3>\n<p>O WordPress \u00e9 um sistema de gest\u00e3o de conte\u00fados (CMS) vers\u00e1til e poderoso que utilizamos para desenvolver websites din\u00e2micos e com boa capacidade de resposta. Conhecido pela sua flexibilidade e interface de f\u00e1cil utiliza\u00e7\u00e3o, o WordPress permite-nos criar solu\u00e7\u00f5es web altamente personaliz\u00e1veis e escal\u00e1veis, quer se trate de um site empresarial ou de uma plataforma de com\u00e9rcio eletr\u00f3nico.<\/p>\n<h4><\/h4>\n<p>[\/et_pb_text][\/et_pb_column][\/et_pb_row][et_pb_row column_structure=&#8221;1_3,1_3,1_3&#8243; make_equal=&#8221;on&#8221; _builder_version=&#8221;4.17.3&#8243; _module_preset=&#8221;default&#8221; global_colors_info=&#8221;{}&#8221;][et_pb_column type=&#8221;1_3&#8243; _builder_version=&#8221;4.17.3&#8243; _module_preset=&#8221;default&#8221; background_color=&#8221;#f9f9f9&#8243; custom_css_main_element=&#8221;  display: flex;||  align-items: center;||  justify-content: center;&#8221; border_color_all=&#8221;#33ADFF&#8221; global_colors_info=&#8221;{}&#8221;][et_pb_text _builder_version=&#8221;4.24.0&#8243; _module_preset=&#8221;8ab12279-bc26-4c75-8b0f-a03a38da1c3f&#8221; text_orientation=&#8221;center&#8221; custom_padding=&#8221;30px|30px|30px|30px|true|true&#8221; global_colors_info=&#8221;{}&#8221;]<\/p>\n<h3><span>DESENVOLVIMENTO MOBILE<\/span><\/h3>\n<p>A mobinteg \u00e9 especializada em desenvolvimento mobile, criando aplica\u00e7\u00f5es m\u00f3veis de alto desempenho para as plataformas iOS e Android. As nossas aplica\u00e7\u00f5es s\u00e3o desenhadas a pensar no utilizador, oferecendo interfaces intuitivas, funcionalidades perfeitas e um desempenho superior. Asseguramos que a sua app excede as expectativas do utilizador, fornecendo uma ferramenta valiosa de comunica\u00e7\u00e3o e crescimento.<\/p>\n<h4><\/h4>\n<p>[\/et_pb_text][\/et_pb_column][et_pb_column type=&#8221;1_3&#8243; _builder_version=&#8221;4.17.3&#8243; _module_preset=&#8221;default&#8221; background_color=&#8221;#f9f9f9&#8243; custom_css_main_element=&#8221;  display: flex;||  align-items: center;||  justify-content: center;&#8221; border_color_all=&#8221;#33ADFF&#8221; global_colors_info=&#8221;{}&#8221;][et_pb_text _builder_version=&#8221;4.24.0&#8243; _module_preset=&#8221;8ab12279-bc26-4c75-8b0f-a03a38da1c3f&#8221; text_orientation=&#8221;center&#8221; custom_padding=&#8221;30px|30px|30px|30px|true|true&#8221; locked=&#8221;off&#8221; global_colors_info=&#8221;{}&#8221;]<\/p>\n<h3><span>PRIVACIDADE E SEGURAN\u00c7A<\/span><\/h3>\n<p>A mobinteg implementa protocolos de seguran\u00e7a em v\u00e1rias camadas para proteger os dados e garantir transa\u00e7\u00f5es seguras. Desde a encripta\u00e7\u00e3o de ponta a ponta at\u00e9 pr\u00e1ticas de codifica\u00e7\u00e3o seguras e auditorias de seguran\u00e7a regulares, a nossa abordagem abrangente \u00e0 seguran\u00e7a protege a informa\u00e7\u00e3o dos nossos clientes contra potenciais amea\u00e7as.<\/p>\n<h4><\/h4>\n<p>[\/et_pb_text][\/et_pb_column][et_pb_column type=&#8221;1_3&#8243; _builder_version=&#8221;4.17.3&#8243; _module_preset=&#8221;default&#8221; background_color=&#8221;#f9f9f9&#8243; custom_css_main_element=&#8221;  display: flex;||  align-items: center;||  justify-content: center;&#8221; border_color_all=&#8221;#33ADFF&#8221; global_colors_info=&#8221;{}&#8221;][et_pb_text _builder_version=&#8221;4.24.0&#8243; _module_preset=&#8221;8ab12279-bc26-4c75-8b0f-a03a38da1c3f&#8221; text_orientation=&#8221;center&#8221; custom_padding=&#8221;30px|30px|30px|30px|true|true&#8221; locked=&#8221;off&#8221; global_colors_info=&#8221;{}&#8221;]<\/p>\n<h3><span>ANALYTICS E MANUTEN\u00c7\u00c3O<\/span><\/h3>\n<div class=\"flex flex-grow flex-col max-w-full\">\n<div data-message-author-role=\"assistant\" data-message-id=\"19f53499-babc-41ba-a8ec-dd7838585dd6\" dir=\"auto\" class=\"min-h-[20px] text-message flex flex-col items-start whitespace-pre-wrap break-words [.text-message+&amp;]:mt-5 juice:w-full juice:items-end overflow-x-auto gap-2\">\n<div class=\"flex w-full flex-col gap-1 juice:empty:hidden juice:first:pt-[3px]\">\n<div class=\"markdown prose w-full break-words dark:prose-invert dark\">\n<p>As nossas capacidades anal\u00edticas fornecem informa\u00e7\u00f5es acion\u00e1veis para o ajudar a tomar decis\u00f5es informadas e a promover a melhoria cont\u00ednua. Os nossos servi\u00e7os de manuten\u00e7\u00e3o oferecem um suporte robusto, atualiza\u00e7\u00f5es regulares e resolu\u00e7\u00e3o de problemas para garantir fiabilidade e longevidade. Pode contar com um suporte abrangente e cont\u00ednuo para manter a sua tecnologia a funcionar sem problemas e de forma eficiente.<\/p>\n<\/div>\n<\/div>\n<\/div>\n<\/div>\n<p>[\/et_pb_text][\/et_pb_column][\/et_pb_row][\/et_pb_section][et_pb_section fb_built=&#8221;1&#8243; _builder_version=&#8221;4.24.0&#8243; _module_preset=&#8221;default&#8221; global_colors_info=&#8221;{}&#8221;][et_pb_row _builder_version=&#8221;4.17.3&#8243; _module_preset=&#8221;default&#8221; locked=&#8221;off&#8221; global_colors_info=&#8221;{}&#8221;][et_pb_column type=&#8221;4_4&#8243; _builder_version=&#8221;4.17.3&#8243; _module_preset=&#8221;default&#8221; global_colors_info=&#8221;{}&#8221;][et_pb_text _builder_version=&#8221;4.24.0&#8243; _module_preset=&#8221;8ab12279-bc26-4c75-8b0f-a03a38da1c3f&#8221; global_colors_info=&#8221;{}&#8221;]<\/p>\n<h1 style=\"text-align: center;\">TORNE-SE PARCEIRO<\/h1>\n<p>[\/et_pb_text][\/et_pb_column][\/et_pb_row][et_pb_row _builder_version=&#8221;4.24.0&#8243; _module_preset=&#8221;default&#8221; global_colors_info=&#8221;{}&#8221;][et_pb_column type=&#8221;4_4&#8243; _builder_version=&#8221;4.24.0&#8243; _module_preset=&#8221;default&#8221; global_colors_info=&#8221;{}&#8221;][et_pb_text _builder_version=&#8221;4.24.0&#8243; _module_preset=&#8221;default&#8221; global_colors_info=&#8221;{}&#8221;]<\/p>\n<p>Escolher a mobinteg significa fazer parceria com uma equipa que se dedica ao seu sucesso. A nossa vasta experi\u00eancia, aliada ao nosso compromisso com a inova\u00e7\u00e3o, posiciona-nos como l\u00edderes no setor. Trabalhamos em estreita colabora\u00e7\u00e3o com os nossos clientes para compreender os seus desafios \u00fanicos e fornecer solu\u00e7\u00f5es personalizadas que geram resultados.<\/p>\n<p><strong>Junte-se \u00e0 nossa jornada para criar solu\u00e7\u00f5es mais inteligentes, mais eficientes e seguras.<\/strong><\/p>\n<p>[\/et_pb_text][\/et_pb_column][\/et_pb_row][et_pb_row _builder_version=&#8221;4.17.3&#8243; _module_preset=&#8221;default&#8221; locked=&#8221;off&#8221; global_colors_info=&#8221;{}&#8221;][et_pb_column type=&#8221;4_4&#8243; _builder_version=&#8221;4.17.3&#8243; _module_preset=&#8221;default&#8221; global_colors_info=&#8221;{}&#8221;][et_pb_button button_url=&#8221;https:\/\/mobinteg.com\/pt-pt\/seja-nosso-parceiro\/&#8221; url_new_window=&#8221;on&#8221; button_text=&#8221;Contacte-nos&#8221; _builder_version=&#8221;4.24.0&#8243; _module_preset=&#8221;ba32b687-b277-4f17-a682-1704f49593fa&#8221; locked=&#8221;off&#8221; global_colors_info=&#8221;{}&#8221;][et_pb_blurb title=&#8221;Mobile Applications&#8221; image=&#8221;https:\/\/mobinteg.com\/wp-content\/uploads\/2021\/06\/Mobile-Applications-Line-Icon.png&#8221; _builder_version=&#8221;4.17.3&#8243; _module_preset=&#8221;default&#8221; header_text_align=&#8221;center&#8221; header_text_color=&#8221;#282828&#8243; header_font_size=&#8221;20px&#8221; header_line_height=&#8221;22px&#8221; locked=&#8221;off&#8221; global_colors_info=&#8221;{}&#8221;][\/et_pb_blurb][\/et_pb_button][\/et_pb_column][\/et_pb_row][\/et_pb_section]<\/p>\n","protected":false},"excerpt":{"rendered":"<p>Servi\u00e7osTECNOLOGIAA tecnologia \u00e9 a pedra angular das nossas solu\u00e7\u00f5es inovadoras. A nossa dedica\u00e7\u00e3o em alavancar as novas tecnlogias garante que os nossos produtos n\u00e3o s\u00e3o apenas de \u00faltima gera\u00e7\u00e3o, mas tamb\u00e9m fi\u00e1veis, seguros e eficientes. GEST\u00c3O DE PROJETOS JIRA A gest\u00e3o eficaz de projetos \u00e9 crucial para a entrega bem sucedida. Na mobinteg, utilizamos o [&hellip;]<\/p>\n","protected":false},"author":2,"featured_media":0,"parent":0,"menu_order":1,"comment_status":"closed","ping_status":"closed","template":"","meta":{"_et_pb_use_builder":"on","_et_pb_old_content":"","_et_gb_content_width":"","inline_featured_image":false,"footnotes":""},"class_list":["post-12578","page","type-page","status-publish","hentry"],"_links":{"self":[{"href":"https:\/\/mobinteg.com\/pt-pt\/wp-json\/wp\/v2\/pages\/12578","targetHints":{"allow":["GET"]}}],"collection":[{"href":"https:\/\/mobinteg.com\/pt-pt\/wp-json\/wp\/v2\/pages"}],"about":[{"href":"https:\/\/mobinteg.com\/pt-pt\/wp-json\/wp\/v2\/types\/page"}],"author":[{"embeddable":true,"href":"https:\/\/mobinteg.com\/pt-pt\/wp-json\/wp\/v2\/users\/2"}],"replies":[{"embeddable":true,"href":"https:\/\/mobinteg.com\/pt-pt\/wp-json\/wp\/v2\/comments?post=12578"}],"version-history":[{"count":5,"href":"https:\/\/mobinteg.com\/pt-pt\/wp-json\/wp\/v2\/pages\/12578\/revisions"}],"predecessor-version":[{"id":12666,"href":"https:\/\/mobinteg.com\/pt-pt\/wp-json\/wp\/v2\/pages\/12578\/revisions\/12666"}],"wp:attachment":[{"href":"https:\/\/mobinteg.com\/pt-pt\/wp-json\/wp\/v2\/media?parent=12578"}],"curies":[{"name":"wp","href":"https:\/\/api.w.org\/{rel}","templated":true}]}}