{"id":8429,"date":"2022-04-28T11:12:39","date_gmt":"2022-04-28T11:12:39","guid":{"rendered":"https:\/\/mobinteg.com\/servicos\/expertise\/"},"modified":"2024-05-31T17:09:03","modified_gmt":"2024-05-31T17:09:03","slug":"servicos-expertise","status":"publish","type":"page","link":"https:\/\/mobinteg.com\/pt-pt\/servicos-expertise\/","title":{"rendered":"Expertise"},"content":{"rendered":"<p>[et_pb_section fb_built=&#8221;1&#8243; admin_label=&#8221;Header&#8221; module_class=&#8221;general-header&#8221; _builder_version=&#8221;4.17.3&#8243; _module_preset=&#8221;default&#8221; background_video_mp4=&#8221;https:\/\/mobinteg.com\/wp-content\/uploads\/2022\/05\/video.mp4&#8243; custom_css_after=&#8221;content: %22%22;||display: block;||position: absolute;||top: 0;||left: 0;||width: 100%;||height: 100%;||background-color: rgba(0,153,255,0.4);||z-index: 1;&#8221; locked=&#8221;off&#8221; global_colors_info=&#8221;{}&#8221;][et_pb_row _builder_version=&#8221;4.17.3&#8243; _module_preset=&#8221;default&#8221; global_colors_info=&#8221;{}&#8221;][et_pb_column type=&#8221;4_4&#8243; _builder_version=&#8221;4.17.3&#8243; _module_preset=&#8221;default&#8221; global_colors_info=&#8221;{}&#8221;][et_pb_text _builder_version=&#8221;4.17.3&#8243; _module_preset=&#8221;default&#8221; header_font=&#8221;|800|||||||&#8221; header_text_color=&#8221;#FFFFFF&#8221; custom_padding=&#8221;100px||100px||true|false&#8221; global_colors_info=&#8221;{}&#8221;]<\/p>\n<h1>Servi\u00e7os<\/h1>\n<p>[\/et_pb_text][\/et_pb_column][\/et_pb_row][\/et_pb_section][et_pb_section fb_built=&#8221;1&#8243; _builder_version=&#8221;4.17.3&#8243; _module_preset=&#8221;default&#8221; global_colors_info=&#8221;{}&#8221;][et_pb_row _builder_version=&#8221;4.17.3&#8243; _module_preset=&#8221;default&#8221; custom_padding=&#8221;||0px||false|false&#8221; locked=&#8221;off&#8221; global_colors_info=&#8221;{}&#8221;][et_pb_column type=&#8221;4_4&#8243; _builder_version=&#8221;4.16&#8243; _module_preset=&#8221;default&#8221; global_colors_info=&#8221;{}&#8221;][et_pb_text _builder_version=&#8221;4.24.0&#8243; _module_preset=&#8221;8ab12279-bc26-4c75-8b0f-a03a38da1c3f&#8221; custom_margin=&#8221;||60px||false|false&#8221; hover_enabled=&#8221;0&#8243; global_colors_info=&#8221;{}&#8221; sticky_enabled=&#8221;0&#8243;]<\/p>\n<h1 style=\"text-align: center;\">SOMOS EXPERTS NO QUE FAZEMOS<\/h1>\n<p>[\/et_pb_text][et_pb_text _builder_version=&#8221;4.24.0&#8243; _module_preset=&#8221;default&#8221; hover_enabled=&#8221;0&#8243; global_colors_info=&#8221;{}&#8221; sticky_enabled=&#8221;0&#8243;]<\/p>\n<p style=\"text-align: left;\"><strong>Oferecemos um conjunto abrangente de servi\u00e7os concebidos para satisfazer as diversas necessidades dos nossos clientes. <\/strong>A nossa experi\u00eancia abrange v\u00e1rios dom\u00ednios, permitindo-nos fornecer solu\u00e7\u00f5es personalizadas que impulsionam o sucesso.<\/p>\n<p>[\/et_pb_text][\/et_pb_column][\/et_pb_row][et_pb_row column_structure=&#8221;1_3,1_3,1_3&#8243; _builder_version=&#8221;4.24.0&#8243; _module_preset=&#8221;default&#8221; global_colors_info=&#8221;{}&#8221; locked=&#8221;off&#8221; custom_margin=&#8221;50px|auto||auto||&#8221;][et_pb_column type=&#8221;1_3&#8243; _builder_version=&#8221;4.24.0&#8243; _module_preset=&#8221;default&#8221; global_colors_info=&#8221;{}&#8221;][et_pb_blurb title=&#8221;CONSULTORIA DE SOFTWARE&#8221; image=&#8221;https:\/\/mobinteg.com\/wp-content\/uploads\/2022\/05\/ico_backend.svg&#8221; alt=&#8221;software consulting&#8221; _builder_version=&#8221;4.24.0&#8243; _module_preset=&#8221;default&#8221; header_text_align=&#8221;center&#8221; hover_enabled=&#8221;0&#8243; global_colors_info=&#8221;{}&#8221; sticky_enabled=&#8221;0&#8243;]<\/p>\n<p><strong>Ajudamos as empresas a navegar nas complexidades do desenvolvimento e implementa\u00e7\u00e3o de software.<\/strong><\/p>\n<p>Trabalhamos em estreita colabora\u00e7\u00e3o com os nossos clientes para compreender os seus desafios e objetivos \u00fanicos. Quer pretenda melhorar os sistemas existentes ou desenvolver novas solu\u00e7\u00f5es, os nossos servi\u00e7os de consultoria garantem que toma decis\u00f5es informadas que se alinham com os seus objetivos comerciais.<\/p>\n<p>[\/et_pb_blurb][\/et_pb_column][et_pb_column type=&#8221;1_3&#8243; _builder_version=&#8221;4.24.0&#8243; _module_preset=&#8221;default&#8221; global_colors_info=&#8221;{}&#8221;][et_pb_blurb title=&#8221;DESENVOLVIMENTO WEB&#8221; image=&#8221;https:\/\/mobinteg.com\/wp-content\/uploads\/2022\/05\/ico_webapps.svg&#8221; _builder_version=&#8221;4.24.0&#8243; _module_preset=&#8221;default&#8221; header_text_align=&#8221;center&#8221; hover_enabled=&#8221;0&#8243; global_colors_info=&#8221;{}&#8221; sticky_enabled=&#8221;0&#8243;]<\/p>\n<p><strong>Focados na cria\u00e7\u00e3o de websites din\u00e2micos, receptivos e de f\u00e1cil utiliza\u00e7\u00e3o que respondam \u00e0s necessidades espec\u00edficas da sua empresa.<\/strong><\/p>\n<p>Desde plataformas de com\u00e9rcio eletr\u00f3nico a sistemas de gest\u00e3o de conte\u00fados, constru\u00edmos solu\u00e7\u00f5es web que melhoram a experi\u00eancia do utilizador, aumentam a intera\u00e7\u00e3o e impulsionam as convers\u00f5es. O nosso compromisso com a qualidade e a inova\u00e7\u00e3o garantem que o seu website se destaca num cen\u00e1rio digital competitivo.<\/p>\n<p>[\/et_pb_blurb][\/et_pb_column][et_pb_column type=&#8221;1_3&#8243; _builder_version=&#8221;4.24.0&#8243; _module_preset=&#8221;default&#8221; global_colors_info=&#8221;{}&#8221;][et_pb_blurb title=&#8221;DESENVOLVIMENTO MOBILE&#8221; image=&#8221;https:\/\/mobinteg.com\/wp-content\/uploads\/2022\/05\/ico_mobileapps.svg&#8221; _builder_version=&#8221;4.24.0&#8243; _module_preset=&#8221;default&#8221; header_text_align=&#8221;center&#8221; hover_enabled=&#8221;0&#8243; global_colors_info=&#8221;{}&#8221; sticky_enabled=&#8221;0&#8243;]<\/p>\n<p><strong>Desenvolvimento de aplica\u00e7\u00f5es m\u00f3veis de elevado desempenho para as plataformas iOS e Android.<\/strong><\/p>\n<p>As nossas aplica\u00e7\u00f5es s\u00e3o concebidas com o utilizador em mente, oferecendo interfaces intuitivas, funcionalidade sem falhas e desempenho superior. Tiramos partido das mais recentes tecnologias m\u00f3veis e das melhores pr\u00e1ticas para desenvolver aplica\u00e7\u00f5es que satisfazem as suas necessidades espec\u00edficas, quer para processos empresariais internos quer para solu\u00e7\u00f5es B2C.<\/p>\n<p>[\/et_pb_blurb][\/et_pb_column][\/et_pb_row][et_pb_row column_structure=&#8221;1_3,1_3,1_3&#8243; _builder_version=&#8221;4.24.0&#8243; _module_preset=&#8221;default&#8221; global_colors_info=&#8221;{}&#8221; locked=&#8221;off&#8221;][et_pb_column type=&#8221;1_3&#8243; _builder_version=&#8221;4.24.0&#8243; _module_preset=&#8221;default&#8221; global_colors_info=&#8221;{}&#8221;][et_pb_blurb title=&#8221;INTEGRA\u00c7\u00d5ES DE IOT&#8221; image=&#8221;https:\/\/mobinteg.com\/wp-content\/uploads\/2022\/05\/ico_iot.svg&#8221; _builder_version=&#8221;4.24.0&#8243; _module_preset=&#8221;default&#8221; header_text_align=&#8221;center&#8221; hover_enabled=&#8221;0&#8243; global_colors_info=&#8221;{}&#8221; sticky_enabled=&#8221;0&#8243;]<\/p>\n<p><strong>Ajudamos as empresas a aproveitar o poder da IoT (Internet das Coisas) para melhorar a efici\u00eancia, reduzir custos e criar novos fluxos de receitas.<\/strong><\/p>\n<p>Concebemos e implementamos solu\u00e7\u00f5es IoT que ligam dispositivos f\u00edsicos ao mundo digital, fornecendo dados e informa\u00e7\u00f5es em tempo real. A nossa experi\u00eancia inclui a integra\u00e7\u00e3o de sensores, beacons e solu\u00e7\u00f5es de conectividade para criar sistemas inteligentes para cidades, an\u00e1lise, automa\u00e7\u00e3o, cuidados de sa\u00fade e muito mais. Ao tirar partido da tecnologia IoT, ajudamo-lo a criar ambientes mais reativos e adapt\u00e1veis.<\/p>\n<p>[\/et_pb_blurb][\/et_pb_column][et_pb_column type=&#8221;1_3&#8243; _builder_version=&#8221;4.24.0&#8243; _module_preset=&#8221;default&#8221; global_colors_info=&#8221;{}&#8221;][et_pb_blurb title=&#8221;MACHINE LEARNING E IA&#8221; image=&#8221;https:\/\/mobinteg.com\/wp-content\/uploads\/2023\/04\/ico_ai.svg&#8221; _builder_version=&#8221;4.24.0&#8243; _module_preset=&#8221;default&#8221; header_text_align=&#8221;center&#8221; hover_enabled=&#8221;0&#8243; global_colors_info=&#8221;{}&#8221; sticky_enabled=&#8221;0&#8243;]<\/p>\n<p><strong>Tire partido destas tecnologias para obter conhecimentos mais profundos, automatizar processos e melhorar a tomada de decis\u00f5es.<\/strong><\/p>\n<p>A nossa equipa desenvolve algoritmos e modelos personalizados adaptados \u00e0s suas necessidades espec\u00edficas. Quer se trate de an\u00e1lise preditiva, processamento de linguagem natural ou vis\u00e3o por computador, criamos solu\u00e7\u00f5es de IA (Intelig\u00eancia Artificial) que proporcionam um valor mensur\u00e1vel. Ao integrar o ML e a IA nas suas opera\u00e7\u00f5es, ajudamo-lo a manter-se \u00e0 frente da concorr\u00eancia e a desbloquear novas oportunidades de crescimento.<\/p>\n<p>[\/et_pb_blurb][\/et_pb_column][et_pb_column type=&#8221;1_3&#8243; _builder_version=&#8221;4.24.0&#8243; _module_preset=&#8221;default&#8221; global_colors_info=&#8221;{}&#8221;][et_pb_blurb title=&#8221;ARQUITETURA DE SOLU\u00c7\u00d5ES&#8221; image=&#8221;https:\/\/mobinteg.com\/wp-content\/uploads\/2023\/04\/ico_machinelearning.svg&#8221; _builder_version=&#8221;4.24.0&#8243; _module_preset=&#8221;default&#8221; header_text_align=&#8221;center&#8221; hover_enabled=&#8221;0&#8243; global_colors_info=&#8221;{}&#8221; sticky_enabled=&#8221;0&#8243;]<\/p>\n<p><strong>Concebidas para apoiar os seus objetivos comerciais, tanto agora como no futuro.<\/strong><\/p>\n<p>Os nossos arquitetos trabalham consigo para conceber sistemas escal\u00e1veis, seguros e robustos que se alinham com os seus objetivos estrat\u00e9gicos. Adotamos uma abordagem hol\u00edstica, considerando todos os aspetos do seu ambiente de TI, desde hardware e software a redes e seguran\u00e7a. Ao fornecer um plano claro para o seu cen\u00e1rio tecnol\u00f3gico, ajudamo-lo a minimizar os riscos, reduzir os custos e garantir a implementa\u00e7\u00e3o bem sucedida dos seus projetos.<\/p>\n<p>[\/et_pb_blurb][\/et_pb_column][\/et_pb_row][et_pb_row _builder_version=&#8221;4.17.3&#8243; _module_preset=&#8221;default&#8221; custom_padding=&#8221;||0px||false|false&#8221; locked=&#8221;off&#8221; global_colors_info=&#8221;{}&#8221;][et_pb_column type=&#8221;4_4&#8243; _builder_version=&#8221;4.16&#8243; _module_preset=&#8221;default&#8221; global_colors_info=&#8221;{}&#8221;][et_pb_text _builder_version=&#8221;4.24.0&#8243; _module_preset=&#8221;8ab12279-bc26-4c75-8b0f-a03a38da1c3f&#8221; custom_margin=&#8221;||37px||false|false&#8221; hover_enabled=&#8221;0&#8243; global_colors_info=&#8221;{}&#8221; sticky_enabled=&#8221;0&#8243; custom_padding=&#8221;||13px|||&#8221;]<\/p>\n<h1 style=\"text-align: center;\">CASE STUDIES<\/h1>\n<p>[\/et_pb_text][et_pb_text _builder_version=&#8221;4.17.3&#8243; _module_preset=&#8221;8ab12279-bc26-4c75-8b0f-a03a38da1c3f&#8221; header_2_text_align=&#8221;left&#8221; text_orientation=&#8221;center&#8221; custom_margin=&#8221;||10px||false|false&#8221; global_colors_info=&#8221;{}&#8221;]<\/p>\n<h2><span>Websites<\/span><\/h2>\n<p>[\/et_pb_text][\/et_pb_column][\/et_pb_row][et_pb_row _builder_version=&#8221;4.17.3&#8243; _module_preset=&#8221;default&#8221; custom_padding=&#8221;0px||||false|false&#8221; global_colors_info=&#8221;{}&#8221;][et_pb_column type=&#8221;4_4&#8243; _builder_version=&#8221;4.17.3&#8243; _module_preset=&#8221;default&#8221; global_colors_info=&#8221;{}&#8221;][et_pb_portfolio fullwidth=&#8221;off&#8221; posts_number=&#8221;3&#8243; include_categories=&#8221;59&#8243; show_categories=&#8221;off&#8221; show_pagination=&#8221;off&#8221; _builder_version=&#8221;4.17.3&#8243; _module_preset=&#8221;default&#8221; title_level=&#8221;h3&#8243; global_colors_info=&#8221;{}&#8221;][\/et_pb_portfolio][\/et_pb_column][\/et_pb_row][et_pb_row _builder_version=&#8221;4.17.3&#8243; _module_preset=&#8221;default&#8221; custom_padding=&#8221;||0px||false|false&#8221; locked=&#8221;off&#8221; global_colors_info=&#8221;{}&#8221;][et_pb_column type=&#8221;4_4&#8243; _builder_version=&#8221;4.16&#8243; _module_preset=&#8221;default&#8221; global_colors_info=&#8221;{}&#8221;][et_pb_text _builder_version=&#8221;4.17.3&#8243; _module_preset=&#8221;8ab12279-bc26-4c75-8b0f-a03a38da1c3f&#8221; header_2_text_align=&#8221;left&#8221; text_orientation=&#8221;center&#8221; custom_margin=&#8221;||10px||false|false&#8221; custom_padding=&#8221;20px||||false|false&#8221; global_colors_info=&#8221;{}&#8221;]<\/p>\n<h2><span>Mobile &amp; Web Apps<\/span><\/h2>\n<p>[\/et_pb_text][\/et_pb_column][\/et_pb_row][et_pb_row _builder_version=&#8221;4.17.3&#8243; _module_preset=&#8221;default&#8221; custom_padding=&#8221;0px||||false|false&#8221; global_colors_info=&#8221;{}&#8221;][et_pb_column type=&#8221;4_4&#8243; _builder_version=&#8221;4.17.3&#8243; _module_preset=&#8221;default&#8221; global_colors_info=&#8221;{}&#8221;][et_pb_portfolio fullwidth=&#8221;off&#8221; posts_number=&#8221;3&#8243; include_categories=&#8221;65,58&#8243; show_categories=&#8221;off&#8221; show_pagination=&#8221;off&#8221; _builder_version=&#8221;4.17.3&#8243; _module_preset=&#8221;default&#8221; title_level=&#8221;h3&#8243; global_colors_info=&#8221;{}&#8221;][\/et_pb_portfolio][\/et_pb_column][\/et_pb_row][et_pb_row _builder_version=&#8221;4.17.3&#8243; _module_preset=&#8221;default&#8221; global_colors_info=&#8221;{}&#8221;][et_pb_column type=&#8221;4_4&#8243; _builder_version=&#8221;4.17.3&#8243; _module_preset=&#8221;default&#8221; global_colors_info=&#8221;{}&#8221;][et_pb_button button_url=&#8221;@ET-DC@eyJkeW5hbWljIjp0cnVlLCJjb250ZW50IjoicG9zdF9saW5rX3VybF9wYWdlIiwic2V0dGluZ3MiOnsicG9zdF9pZCI6Ijg0NjcifX0=@&#8221; url_new_window=&#8221;on&#8221; button_text=&#8221;Mais Case Studies&#8221; _builder_version=&#8221;4.17.3&#8243; _dynamic_attributes=&#8221;button_url&#8221; _module_preset=&#8221;ba32b687-b277-4f17-a682-1704f49593fa&#8221; global_colors_info=&#8221;{}&#8221;][\/et_pb_button][\/et_pb_column][\/et_pb_row][\/et_pb_section][et_pb_section fb_built=&#8221;1&#8243; _builder_version=&#8221;4.17.3&#8243; _module_preset=&#8221;default&#8221; global_colors_info=&#8221;{}&#8221;][et_pb_row _builder_version=&#8221;4.17.3&#8243; _module_preset=&#8221;default&#8221; global_colors_info=&#8221;{}&#8221;][et_pb_column type=&#8221;4_4&#8243; _builder_version=&#8221;4.17.3&#8243; _module_preset=&#8221;default&#8221; global_colors_info=&#8221;{}&#8221;][et_pb_text _builder_version=&#8221;4.17.3&#8243; _module_preset=&#8221;8ab12279-bc26-4c75-8b0f-a03a38da1c3f&#8221; header_2_text_align=&#8221;left&#8221; text_orientation=&#8221;center&#8221; custom_margin=&#8221;||30px||false|false&#8221; global_colors_info=&#8221;{}&#8221;]<\/p>\n<h2>Ferramentas, tecnologias, servi\u00e7os e boas pr\u00e1ticas<\/h2>\n<p>[\/et_pb_text][et_pb_gallery gallery_ids=&#8221;9012,9014,9016,9018,9020,9022,9024,9026,9028,9030,9032,9034,9036,9038,9040,9042,9044,9046,9048,9050,9052,9054,9056,9058,9060,9062,9064,9066,9068,9070,9072,9074,9076,9078&#8243; posts_number=&#8221;50&#8243; show_title_and_caption=&#8221;off&#8221; show_pagination=&#8221;off&#8221; _builder_version=&#8221;4.17.3&#8243; _module_preset=&#8221;default&#8221; global_module=&#8221;9378&#8243; saved_tabs=&#8221;all&#8221; global_colors_info=&#8221;{}&#8221;][\/et_pb_gallery][\/et_pb_column][\/et_pb_row][\/et_pb_section]<\/p>\n","protected":false},"excerpt":{"rendered":"<p>Servi\u00e7osSOMOS EXPERTS NO QUE FAZEMOSOferecemos um conjunto abrangente de servi\u00e7os concebidos para satisfazer as diversas necessidades dos nossos clientes. A nossa experi\u00eancia abrange v\u00e1rios dom\u00ednios, permitindo-nos fornecer solu\u00e7\u00f5es personalizadas que impulsionam o sucesso.Ajudamos as empresas a navegar nas complexidades do desenvolvimento e implementa\u00e7\u00e3o de software. Trabalhamos em estreita colabora\u00e7\u00e3o com os nossos clientes para compreender [&hellip;]<\/p>\n","protected":false},"author":1,"featured_media":0,"parent":0,"menu_order":2,"comment_status":"closed","ping_status":"closed","template":"","meta":{"_et_pb_use_builder":"on","_et_pb_old_content":"","_et_gb_content_width":"","inline_featured_image":false,"footnotes":""},"class_list":["post-8429","page","type-page","status-publish","hentry"],"_links":{"self":[{"href":"https:\/\/mobinteg.com\/pt-pt\/wp-json\/wp\/v2\/pages\/8429","targetHints":{"allow":["GET"]}}],"collection":[{"href":"https:\/\/mobinteg.com\/pt-pt\/wp-json\/wp\/v2\/pages"}],"about":[{"href":"https:\/\/mobinteg.com\/pt-pt\/wp-json\/wp\/v2\/types\/page"}],"author":[{"embeddable":true,"href":"https:\/\/mobinteg.com\/pt-pt\/wp-json\/wp\/v2\/users\/1"}],"replies":[{"embeddable":true,"href":"https:\/\/mobinteg.com\/pt-pt\/wp-json\/wp\/v2\/comments?post=8429"}],"version-history":[{"count":4,"href":"https:\/\/mobinteg.com\/pt-pt\/wp-json\/wp\/v2\/pages\/8429\/revisions"}],"predecessor-version":[{"id":12615,"href":"https:\/\/mobinteg.com\/pt-pt\/wp-json\/wp\/v2\/pages\/8429\/revisions\/12615"}],"wp:attachment":[{"href":"https:\/\/mobinteg.com\/pt-pt\/wp-json\/wp\/v2\/media?parent=8429"}],"curies":[{"name":"wp","href":"https:\/\/api.w.org\/{rel}","templated":true}]}}