{"id":8442,"date":"2021-06-24T15:20:07","date_gmt":"2021-06-24T15:20:07","guid":{"rendered":"https:\/\/mobinteg.com\/produtos\/smiity\/"},"modified":"2024-06-03T10:18:49","modified_gmt":"2024-06-03T10:18:49","slug":"produtos-smiity","status":"publish","type":"page","link":"https:\/\/mobinteg.com\/pt-pt\/produtos-smiity\/","title":{"rendered":"SMIITY"},"content":{"rendered":"<p>[et_pb_section fb_built=&#8221;1&#8243; admin_label=&#8221;Header&#8221; module_class=&#8221;general-header&#8221; _builder_version=&#8221;4.17.3&#8243; _module_preset=&#8221;default&#8221; background_video_mp4=&#8221;https:\/\/mobinteg.com\/wp-content\/uploads\/2022\/05\/video.mp4&#8243; custom_padding=&#8221;54px|||||&#8221; custom_css_after=&#8221;content: %22%22;||display: block;||position: absolute;||top: 0;||left: 0;||width: 100%;||height: 100%;||background-color: rgba(0,153,255,0.4);||z-index: 1;&#8221; locked=&#8221;off&#8221; global_colors_info=&#8221;{}&#8221;][et_pb_row _builder_version=&#8221;4.17.3&#8243; _module_preset=&#8221;default&#8221; global_colors_info=&#8221;{}&#8221;][et_pb_column type=&#8221;4_4&#8243; _builder_version=&#8221;4.17.3&#8243; _module_preset=&#8221;default&#8221; global_colors_info=&#8221;{}&#8221;][et_pb_text _builder_version=&#8221;4.17.3&#8243; _module_preset=&#8221;default&#8221; header_font=&#8221;|800|||||||&#8221; header_text_color=&#8221;#FFFFFF&#8221; custom_padding=&#8221;100px||100px||true|false&#8221; global_colors_info=&#8221;{}&#8221;]<\/p>\n<h1>Produtos<\/h1>\n<p>[\/et_pb_text][\/et_pb_column][\/et_pb_row][\/et_pb_section][et_pb_section fb_built=&#8221;1&#8243; _builder_version=&#8221;4.17.3&#8243; _module_preset=&#8221;default&#8221; global_colors_info=&#8221;{}&#8221;][et_pb_row column_structure=&#8221;1_2,1_2&#8243; _builder_version=&#8221;4.17.3&#8243; _module_preset=&#8221;default&#8221; global_colors_info=&#8221;{}&#8221;][et_pb_column type=&#8221;1_2&#8243; _builder_version=&#8221;4.17.3&#8243; _module_preset=&#8221;default&#8221; global_colors_info=&#8221;{}&#8221;][et_pb_text _builder_version=&#8221;4.24.0&#8243; _module_preset=&#8221;8ab12279-bc26-4c75-8b0f-a03a38da1c3f&#8221; custom_margin=&#8221;||30px||false|false&#8221; hover_enabled=&#8221;0&#8243; locked=&#8221;off&#8221; global_colors_info=&#8221;{}&#8221; sticky_enabled=&#8221;0&#8243;]<\/p>\n<h1><span>CONHE\u00c7A A SMIITY<\/span><\/h1>\n<p>[\/et_pb_text][et_pb_text _builder_version=&#8221;4.17.3&#8243; _module_preset=&#8221;8ab12279-bc26-4c75-8b0f-a03a38da1c3f&#8221; global_colors_info=&#8221;{}&#8221;]<\/p>\n<p>O turismo est\u00e1 a evoluir. Os guias tradicionais e os mapas foram substitu\u00eddos por smartphones e plataformas digitais. E a SMIITY &#8211; Plataforma de Smart Tourism desenvolvida pela mobinteg &#8211; est\u00e1 na vanguarda desta revolu\u00e7\u00e3o tecnol\u00f3gica.<\/p>\n<p>Eis algumas das principais caracter\u00edsticas da nossa solu\u00e7\u00e3o, \u00fatil para empresas e munic\u00edpios que desejam integrar o nosso sistema na sua estrat\u00e9gia tur\u00edstica:<\/p>\n<p>\ud83c\udf10 Informa\u00e7\u00e3o abrangente sobre os pontos de interesse de uma cidade, incluindo hot\u00e9is, restaurantes, monumentos, museus, e muito mais<\/p>\n<p>\u2139\ufe0f Detalhes relevantes para cada ponto de interesse, tais como contactos, hor\u00e1rios, textos, fotos e v\u00eddeos<\/p>\n<p>\ud83d\uddfa\ufe0f Percursos curados com instru\u00e7\u00f5es num mapa, complementadas por intera\u00e7\u00e3o com beacons e audioguias<\/p>\n<p>\ud83d\uddd3\ufe0f Calend\u00e1rio atualizado de eventos, permitindo aos viajantes planear a sua viagem em torno de eventos espec\u00edficos ou descobrir novas experi\u00eancias<\/p>\n<p>\ud83d\udcf0 Feed de not\u00edcias em tempo real para se manter informado e tomar decis\u00f5es informadas quando est\u00e1 em viagem<\/p>\n<p>\ud83c\udfa7 Audioguias multil\u00edngua para uma experi\u00eancia mais imersiva e personalizada<\/p>\n<p>\ud83d\udccd Funcionalidade de geolocaliza\u00e7\u00e3o para uma navega\u00e7\u00e3o f\u00e1cil numa nova cidade, com mapas<\/p>\n<p>\ud83d\udcf1 Realidade aumentada para uma forma interativa e envolvente de explorar e aprender sobre os pontos de interesse de uma cidade<\/p>\n<p>[\/et_pb_text][\/et_pb_column][et_pb_column type=&#8221;1_2&#8243; _builder_version=&#8221;4.17.3&#8243; _module_preset=&#8221;default&#8221; global_colors_info=&#8221;{}&#8221;][et_pb_image src=&#8221;https:\/\/mobinteg.com\/wp-content\/uploads\/2016\/11\/slash-smiity-copy.png&#8221; alt=&#8221;SMIITY-app&#8221; title_text=&#8221;slash-smiity copy&#8221; align=&#8221;center&#8221; _builder_version=&#8221;4.18.0&#8243; _module_preset=&#8221;default&#8221; global_colors_info=&#8221;{}&#8221;][\/et_pb_image][\/et_pb_column][\/et_pb_row][et_pb_row _builder_version=&#8221;4.17.3&#8243; _module_preset=&#8221;default&#8221; global_colors_info=&#8221;{}&#8221;][et_pb_column type=&#8221;4_4&#8243; _builder_version=&#8221;4.17.3&#8243; _module_preset=&#8221;default&#8221; global_colors_info=&#8221;{}&#8221;][et_pb_video src=&#8221;https:\/\/mobinteg.com\/wp-content\/uploads\/2022\/05\/Video-Smiity-Facebook-LinkedIn-1.mp4&#8243; _builder_version=&#8221;4.17.3&#8243; _module_preset=&#8221;default&#8221; global_colors_info=&#8221;{}&#8221;][\/et_pb_video][\/et_pb_column][\/et_pb_row][et_pb_row module_id=&#8221;website-btn&#8221; _builder_version=&#8221;4.17.3&#8243; _module_preset=&#8221;default&#8221; locked=&#8221;off&#8221; global_colors_info=&#8221;{}&#8221;][et_pb_column type=&#8221;4_4&#8243; _builder_version=&#8221;4.17.3&#8243; _module_preset=&#8221;default&#8221; global_colors_info=&#8221;{}&#8221;][et_pb_image src=&#8221;https:\/\/mobinteg.com\/wp-content\/uploads\/2022\/05\/Download_on_the_App_Store_Badge_US-UK_RGB_blk_092917.svg&#8221; title_text=&#8221;Download_on_the_App_Store_Badge_US-UK_RGB_blk_092917&#8243; url=&#8221;https:\/\/apps.apple.com\/pt\/app\/smiity\/id1042141235&#8243; _builder_version=&#8221;4.17.3&#8243; _module_preset=&#8221;default&#8221; height=&#8221;50px&#8221; custom_css_main_element=&#8221;width: fit-content!important;||display: inline-block;||margin-right: 25px;&#8221; global_colors_info=&#8221;{}&#8221;][\/et_pb_image][et_pb_image src=&#8221;https:\/\/mobinteg.com\/wp-content\/uploads\/2022\/05\/Asset-1.svg&#8221; title_text=&#8221;Asset 1&#8243; url=&#8221;https:\/\/play.google.com\/store\/apps\/details?id=com.smiity&#038;hl=en&#038;gl=US&#8221; align=&#8221;center&#8221; _builder_version=&#8221;4.17.3&#8243; _module_preset=&#8221;default&#8221; height=&#8221;50px&#8221; custom_css_main_element=&#8221;width: fit-content!important;||display: inline-block;||margin-right: 25px;&#8221; global_colors_info=&#8221;{}&#8221;][\/et_pb_image][et_pb_button button_url=&#8221;https:\/\/smiity.com\/&#8221; url_new_window=&#8221;on&#8221; button_text=&#8221;Website&#8221; _builder_version=&#8221;4.17.3&#8243; _module_preset=&#8221;_initial&#8221; custom_button=&#8221;on&#8221; button_text_size=&#8221;21px&#8221; button_text_color=&#8221;#FFFFFF&#8221; button_bg_color=&#8221;#282828&#8243; button_border_width=&#8221;0px&#8221; button_font=&#8221;|700|||||||&#8221; button_use_icon=&#8221;off&#8221; custom_css_main_element=&#8221;width:150px;||text-align: center;||line-height:40px;||height: 50px;||display: inline-block!important;||&#8221; locked=&#8221;off&#8221; global_colors_info=&#8221;{}&#8221;][\/et_pb_button][\/et_pb_column][\/et_pb_row][et_pb_row _builder_version=&#8221;4.17.3&#8243; _module_preset=&#8221;default&#8221; locked=&#8221;off&#8221; global_colors_info=&#8221;{}&#8221;][et_pb_column type=&#8221;4_4&#8243; _builder_version=&#8221;4.17.3&#8243; _module_preset=&#8221;default&#8221; global_colors_info=&#8221;{}&#8221;][et_pb_button button_url=&#8221;https:\/\/mobinteg.com\/pt-pt\/expertise&#8221; url_new_window=&#8221;on&#8221; button_text=&#8221;Ver Expertise&#8221; _builder_version=&#8221;4.17.3&#8243; _module_preset=&#8221;ba32b687-b277-4f17-a682-1704f49593fa&#8221; global_colors_info=&#8221;{}&#8221;][\/et_pb_button][\/et_pb_column][\/et_pb_row][\/et_pb_section]<\/p>\n","protected":false},"excerpt":{"rendered":"<p>ProdutosCONHE\u00c7A A SMIITYO turismo est\u00e1 a evoluir. Os guias tradicionais e os mapas foram substitu\u00eddos por smartphones e plataformas digitais. E a SMIITY &#8211; Plataforma de Smart Tourism desenvolvida pela mobinteg &#8211; est\u00e1 na vanguarda desta revolu\u00e7\u00e3o tecnol\u00f3gica. Eis algumas das principais caracter\u00edsticas da nossa solu\u00e7\u00e3o, \u00fatil para empresas e munic\u00edpios que desejam integrar o [&hellip;]<\/p>\n","protected":false},"author":1,"featured_media":0,"parent":0,"menu_order":4,"comment_status":"closed","ping_status":"closed","template":"","meta":{"_et_pb_use_builder":"on","_et_pb_old_content":"","_et_gb_content_width":"","inline_featured_image":false,"footnotes":""},"class_list":["post-8442","page","type-page","status-publish","hentry"],"_links":{"self":[{"href":"https:\/\/mobinteg.com\/pt-pt\/wp-json\/wp\/v2\/pages\/8442","targetHints":{"allow":["GET"]}}],"collection":[{"href":"https:\/\/mobinteg.com\/pt-pt\/wp-json\/wp\/v2\/pages"}],"about":[{"href":"https:\/\/mobinteg.com\/pt-pt\/wp-json\/wp\/v2\/types\/page"}],"author":[{"embeddable":true,"href":"https:\/\/mobinteg.com\/pt-pt\/wp-json\/wp\/v2\/users\/1"}],"replies":[{"embeddable":true,"href":"https:\/\/mobinteg.com\/pt-pt\/wp-json\/wp\/v2\/comments?post=8442"}],"version-history":[{"count":5,"href":"https:\/\/mobinteg.com\/pt-pt\/wp-json\/wp\/v2\/pages\/8442\/revisions"}],"predecessor-version":[{"id":12636,"href":"https:\/\/mobinteg.com\/pt-pt\/wp-json\/wp\/v2\/pages\/8442\/revisions\/12636"}],"wp:attachment":[{"href":"https:\/\/mobinteg.com\/pt-pt\/wp-json\/wp\/v2\/media?parent=8442"}],"curies":[{"name":"wp","href":"https:\/\/api.w.org\/{rel}","templated":true}]}}