{"id":8453,"date":"2022-04-28T11:14:49","date_gmt":"2022-04-28T11:14:49","guid":{"rendered":"https:\/\/mobinteg.com\/sobre-nos\/our-team\/"},"modified":"2024-05-31T17:38:06","modified_gmt":"2024-05-31T17:38:06","slug":"a-nossa-equipa","status":"publish","type":"page","link":"https:\/\/mobinteg.com\/pt-pt\/a-nossa-equipa\/","title":{"rendered":"A nossa equipa"},"content":{"rendered":"<p>[et_pb_section fb_built=&#8221;1&#8243; admin_label=&#8221;Header&#8221; module_class=&#8221;general-header&#8221; _builder_version=&#8221;4.17.3&#8243; _module_preset=&#8221;default&#8221; background_video_mp4=&#8221;https:\/\/mobinteg.com\/wp-content\/uploads\/2022\/05\/video.mp4&#8243; custom_css_after=&#8221;content: %22%22;||display: block;||position: absolute;||top: 0;||left: 0;||width: 100%;||height: 100%;||background-color: rgba(0,153,255,0.4);||z-index: 1;&#8221; locked=&#8221;off&#8221; global_colors_info=&#8221;{}&#8221;][et_pb_row _builder_version=&#8221;4.17.3&#8243; _module_preset=&#8221;default&#8221; global_colors_info=&#8221;{}&#8221;][et_pb_column type=&#8221;4_4&#8243; _builder_version=&#8221;4.17.3&#8243; _module_preset=&#8221;default&#8221; global_colors_info=&#8221;{}&#8221;][et_pb_text _builder_version=&#8221;4.24.0&#8243; _module_preset=&#8221;default&#8221; header_font=&#8221;|800|||||||&#8221; header_text_color=&#8221;#FFFFFF&#8221; custom_padding=&#8221;100px||100px||true|false&#8221; global_colors_info=&#8221;{}&#8221;]<\/p>\n<h1>Sobre n\u00f3s<\/h1>\n<p>[\/et_pb_text][\/et_pb_column][\/et_pb_row][\/et_pb_section][et_pb_section fb_built=&#8221;1&#8243; _builder_version=&#8221;4.17.3&#8243; _module_preset=&#8221;default&#8221; global_colors_info=&#8221;{}&#8221;][et_pb_row _builder_version=&#8221;4.17.3&#8243; _module_preset=&#8221;default&#8221; global_colors_info=&#8221;{}&#8221;][et_pb_column type=&#8221;4_4&#8243; _builder_version=&#8221;4.17.3&#8243; _module_preset=&#8221;default&#8221; global_colors_info=&#8221;{}&#8221;][et_pb_text _builder_version=&#8221;4.24.0&#8243; _module_preset=&#8221;8ab12279-bc26-4c75-8b0f-a03a38da1c3f&#8221; global_colors_info=&#8221;{}&#8221;]<\/p>\n<h1 style=\"text-align: center;\">A NOSSA EQUIPA<\/h1>\n<p>[\/et_pb_text][et_pb_text _builder_version=&#8221;4.24.0&#8243; _module_preset=&#8221;8ab12279-bc26-4c75-8b0f-a03a38da1c3f&#8221; global_colors_info=&#8221;{}&#8221;]<\/p>\n<p>Temos uma equipa de profissionais que trabalham em diferentes departamentos para tornar os nossos produtos t\u00e3o eficientes e personalizados quanto poss\u00edvel.<\/p>\n<p>A nossa for\u00e7a reside nas <strong>pessoas diversas e talentosas<\/strong> que impulsionam a nossa miss\u00e3o de transformar as experi\u00eancias digitais. A nossa equipa \u00e9 uma mistura din\u00e2mica de especialistas experientes e pensadores inovadores, unidos por uma paix\u00e3o partilhada pela tecnologia e pela excel\u00eancia.<\/p>\n<p>[\/et_pb_text][\/et_pb_column][\/et_pb_row][\/et_pb_section][et_pb_section fb_built=&#8221;1&#8243; _builder_version=&#8221;4.24.0&#8243; _module_preset=&#8221;default&#8221; global_colors_info=&#8221;{}&#8221;][et_pb_row _builder_version=&#8221;4.24.0&#8243; _module_preset=&#8221;default&#8221; global_colors_info=&#8221;{}&#8221;][et_pb_column type=&#8221;4_4&#8243; _builder_version=&#8221;4.24.0&#8243; _module_preset=&#8221;default&#8221; global_colors_info=&#8221;{}&#8221;][et_pb_video src=&#8221;https:\/\/youtu.be\/UArxFRUzZjo&#8221; _builder_version=&#8221;4.24.0&#8243; _module_preset=&#8221;default&#8221; global_colors_info=&#8221;{}&#8221;][\/et_pb_video][\/et_pb_column][\/et_pb_row][\/et_pb_section][et_pb_section fb_built=&#8221;1&#8243; prev_background_color=&#8221;#ffffff&#8221; _builder_version=&#8221;4.17.3&#8243; _module_preset=&#8221;default&#8221; background_color=&#8221;#33ADFF&#8221; custom_padding=&#8221;100px||100px||true|false&#8221; top_divider_style=&#8221;slant2&#8243; bottom_divider_style=&#8221;slant2&#8243; bottom_divider_color=&#8221;#FFFFFF&#8221; bottom_divider_flip=&#8221;horizontal|vertical&#8221; global_colors_info=&#8221;{}&#8221;][et_pb_row _builder_version=&#8221;4.17.3&#8243; _module_preset=&#8221;default&#8221; global_colors_info=&#8221;{}&#8221;][et_pb_column type=&#8221;4_4&#8243; _builder_version=&#8221;4.17.3&#8243; _module_preset=&#8221;default&#8221; global_colors_info=&#8221;{}&#8221;][et_pb_text _builder_version=&#8221;4.24.0&#8243; _module_preset=&#8221;8ab12279-bc26-4c75-8b0f-a03a38da1c3f&#8221; text_text_color=&#8221;#FFFFFF&#8221; header_text_color=&#8221;#FFFFFF&#8221; header_2_text_align=&#8221;left&#8221; header_2_text_color=&#8221;#FFFFFF&#8221; global_colors_info=&#8221;{}&#8221;]<\/p>\n<h1 style=\"text-align: center;\">EQUIPA DE GEST\u00c3O<\/h1>\n<p>[\/et_pb_text][\/et_pb_column][\/et_pb_row][et_pb_row _builder_version=&#8221;4.24.0&#8243; _module_preset=&#8221;default&#8221; global_colors_info=&#8221;{}&#8221;][et_pb_column type=&#8221;4_4&#8243; _builder_version=&#8221;4.24.0&#8243; _module_preset=&#8221;default&#8221; global_colors_info=&#8221;{}&#8221;][et_pb_text _builder_version=&#8221;4.24.0&#8243; _module_preset=&#8221;default&#8221; text_font=&#8221;|600|||||||&#8221; text_text_color=&#8221;#FFFFFF&#8221; global_colors_info=&#8221;{}&#8221;]<\/p>\n<p><strong>A nossa equipa de lideran\u00e7a dirige a mobinteg com uma vis\u00e3o para o futuro e um compromisso com a excel\u00eancia. Com d\u00e9cadas de experi\u00eancia combinada em tecnologia e estrat\u00e9gia de neg\u00f3cios, a equipa guia o nosso caminho para a inova\u00e7\u00e3o e o crescimento. A abordagem pr\u00e1tica assegura que cada projeto que empreendemos se alinhe com os nossos valores fundamentais de qualidade, integridade e foco no cliente.<\/strong><\/p>\n<p>[\/et_pb_text][\/et_pb_column][\/et_pb_row][et_pb_row column_structure=&#8221;1_2,1_2&#8243; _builder_version=&#8221;4.17.3&#8243; _module_preset=&#8221;default&#8221; global_colors_info=&#8221;{}&#8221;][et_pb_column type=&#8221;1_2&#8243; _builder_version=&#8221;4.17.3&#8243; _module_preset=&#8221;default&#8221; global_colors_info=&#8221;{}&#8221;][et_pb_team_member name=&#8221;Fernando Pinto&#8221; position=&#8221;FUNDADOR E Managing Partner&#8221; image_url=&#8221;https:\/\/mobinteg.com\/wp-content\/uploads\/2021\/06\/fernando-pinto2.png&#8221; linkedin_url=&#8221;https:\/\/www.linkedin.com\/in\/fcpinto\/&#8221; icon_color=&#8221;#FFFFFF&#8221; _builder_version=&#8221;4.17.3&#8243; _module_preset=&#8221;default&#8221; header_font=&#8221;|700||on|||||&#8221; header_text_color=&#8221;#FFFFFF&#8221; body_text_color=&#8221;#282828&#8243; position_font=&#8221;|600||on|||||&#8221; position_text_color=&#8221;#FFFFFF&#8221; global_colors_info=&#8221;{}&#8221;][\/et_pb_team_member][\/et_pb_column][et_pb_column type=&#8221;1_2&#8243; _builder_version=&#8221;4.17.3&#8243; _module_preset=&#8221;default&#8221; global_colors_info=&#8221;{}&#8221;][et_pb_team_member name=&#8221;Pedro Miguel Geraldes&#8221; position=&#8221;Co-FUNDADOR E Managing Partner&#8221; image_url=&#8221;https:\/\/mobinteg.com\/wp-content\/uploads\/2021\/06\/New-Square.jpg&#8221; linkedin_url=&#8221;https:\/\/www.linkedin.com\/in\/pgeraldes\/&#8221; icon_color=&#8221;#FFFFFF&#8221; _builder_version=&#8221;4.17.3&#8243; _module_preset=&#8221;default&#8221; header_font=&#8221;|700||on|||||&#8221; header_text_color=&#8221;#FFFFFF&#8221; body_text_color=&#8221;#282828&#8243; position_font=&#8221;|600||on|||||&#8221; position_text_color=&#8221;#FFFFFF&#8221; locked=&#8221;off&#8221; global_colors_info=&#8221;{}&#8221;][\/et_pb_team_member][\/et_pb_column][\/et_pb_row][\/et_pb_section][et_pb_section fb_built=&#8221;1&#8243; _builder_version=&#8221;4.16&#8243; _module_preset=&#8221;default&#8221; locked=&#8221;off&#8221; global_colors_info=&#8221;{}&#8221;][et_pb_row _builder_version=&#8221;4.16&#8243; _module_preset=&#8221;default&#8221; global_colors_info=&#8221;{}&#8221;][et_pb_column type=&#8221;4_4&#8243; _builder_version=&#8221;4.16&#8243; _module_preset=&#8221;default&#8221; global_colors_info=&#8221;{}&#8221;][et_pb_text _builder_version=&#8221;4.24.0&#8243; _module_preset=&#8221;8ab12279-bc26-4c75-8b0f-a03a38da1c3f&#8221; global_colors_info=&#8221;{}&#8221;]<\/p>\n<h1 style=\"text-align: center;\"><strong>A NOSSA CULTURA<\/strong><\/h1>\n<p>[\/et_pb_text][et_pb_text _builder_version=&#8221;4.24.0&#8243; _module_preset=&#8221;8ab12279-bc26-4c75-8b0f-a03a38da1c3f&#8221; global_colors_info=&#8221;{}&#8221;]<\/p>\n<p><strong>O ambiente de trabalho da mobinteg \u00e9 saud\u00e1vel, intencional e colaborativo.<\/strong> A nossa empresa n\u00e3o \u00e9 um mero sinal nos curr\u00edculos dos membros da nossa equipa &#8211; \u00e9 um lugar onde as carreiras crescem. Acreditamos no nosso trabalho, acreditamos na nossa equipa e acreditamos nos objetivos comuns que estabelecemos com os nossos clientes.<\/p>\n<p>A mobinteg construiu um ambiente onde as pessoas podem fazer o seu melhor trabalho, enquanto estabelecem confian\u00e7a com os nossos clientes e as suas partes interessadas.<\/p>\n<p>[\/et_pb_text][et_pb_button button_url=&#8221;https:\/\/mobinteg.com\/pt-pt\/careers\/&#8221; button_text=&#8221;Careers&#8221; _builder_version=&#8221;4.17.3&#8243; _module_preset=&#8221;ba32b687-b277-4f17-a682-1704f49593fa&#8221; global_colors_info=&#8221;{}&#8221;][\/et_pb_button][\/et_pb_column][\/et_pb_row][\/et_pb_section]<\/p>\n","protected":false},"excerpt":{"rendered":"<p>Sobre n\u00f3sA NOSSA EQUIPATemos uma equipa de profissionais que trabalham em diferentes departamentos para tornar os nossos produtos t\u00e3o eficientes e personalizados quanto poss\u00edvel. A nossa for\u00e7a reside nas pessoas diversas e talentosas que impulsionam a nossa miss\u00e3o de transformar as experi\u00eancias digitais. A nossa equipa \u00e9 uma mistura din\u00e2mica de especialistas experientes e pensadores [&hellip;]<\/p>\n","protected":false},"author":1,"featured_media":0,"parent":0,"menu_order":7,"comment_status":"closed","ping_status":"closed","template":"","meta":{"_et_pb_use_builder":"on","_et_pb_old_content":"","_et_gb_content_width":"","inline_featured_image":false,"footnotes":""},"class_list":["post-8453","page","type-page","status-publish","hentry"],"_links":{"self":[{"href":"https:\/\/mobinteg.com\/pt-pt\/wp-json\/wp\/v2\/pages\/8453","targetHints":{"allow":["GET"]}}],"collection":[{"href":"https:\/\/mobinteg.com\/pt-pt\/wp-json\/wp\/v2\/pages"}],"about":[{"href":"https:\/\/mobinteg.com\/pt-pt\/wp-json\/wp\/v2\/types\/page"}],"author":[{"embeddable":true,"href":"https:\/\/mobinteg.com\/pt-pt\/wp-json\/wp\/v2\/users\/1"}],"replies":[{"embeddable":true,"href":"https:\/\/mobinteg.com\/pt-pt\/wp-json\/wp\/v2\/comments?post=8453"}],"version-history":[{"count":5,"href":"https:\/\/mobinteg.com\/pt-pt\/wp-json\/wp\/v2\/pages\/8453\/revisions"}],"predecessor-version":[{"id":12630,"href":"https:\/\/mobinteg.com\/pt-pt\/wp-json\/wp\/v2\/pages\/8453\/revisions\/12630"}],"wp:attachment":[{"href":"https:\/\/mobinteg.com\/pt-pt\/wp-json\/wp\/v2\/media?parent=8453"}],"curies":[{"name":"wp","href":"https:\/\/api.w.org\/{rel}","templated":true}]}}