{"id":8648,"date":"2022-05-13T09:21:20","date_gmt":"2022-05-13T09:21:20","guid":{"rendered":"https:\/\/mobinteg.com\/?page_id=8648"},"modified":"2024-05-31T17:40:44","modified_gmt":"2024-05-31T17:40:44","slug":"careers","status":"publish","type":"page","link":"https:\/\/mobinteg.com\/pt-pt\/careers\/","title":{"rendered":"Careers"},"content":{"rendered":"<p>[et_pb_section fb_built=&#8221;1&#8243; admin_label=&#8221;Header&#8221; module_class=&#8221;general-header&#8221; _builder_version=&#8221;4.17.3&#8243; _module_preset=&#8221;default&#8221; background_video_mp4=&#8221;https:\/\/mobinteg.com\/wp-content\/uploads\/2022\/05\/video.mp4&#8243; custom_css_after=&#8221;content: %22%22;||display: block;||position: absolute;||top: 0;||left: 0;||width: 100%;||height: 100%;||background-color: rgba(0,153,255,0.4);||z-index: 1;&#8221; locked=&#8221;off&#8221; global_colors_info=&#8221;{}&#8221;][et_pb_row _builder_version=&#8221;4.17.3&#8243; _module_preset=&#8221;default&#8221; global_colors_info=&#8221;{}&#8221;][et_pb_column type=&#8221;4_4&#8243; _builder_version=&#8221;4.17.3&#8243; _module_preset=&#8221;default&#8221; global_colors_info=&#8221;{}&#8221;][et_pb_text _builder_version=&#8221;4.17.3&#8243; _module_preset=&#8221;default&#8221; header_font=&#8221;|800|||||||&#8221; header_text_color=&#8221;#FFFFFF&#8221; custom_padding=&#8221;100px||100px||true|false&#8221; global_colors_info=&#8221;{}&#8221;]<\/p>\n<h1>Careers<\/h1>\n<p>[\/et_pb_text][\/et_pb_column][\/et_pb_row][\/et_pb_section][et_pb_section fb_built=&#8221;1&#8243; _builder_version=&#8221;4.16&#8243; _module_preset=&#8221;default&#8221; global_colors_info=&#8221;{}&#8221;][et_pb_row column_structure=&#8221;3_4,1_4&#8243; _builder_version=&#8221;4.17.3&#8243; _module_preset=&#8221;default&#8221; global_colors_info=&#8221;{}&#8221;][et_pb_column type=&#8221;3_4&#8243; _builder_version=&#8221;4.16&#8243; _module_preset=&#8221;default&#8221; global_colors_info=&#8221;{}&#8221;][et_pb_text _builder_version=&#8221;4.17.3&#8243; _module_preset=&#8221;8ab12279-bc26-4c75-8b0f-a03a38da1c3f&#8221; global_colors_info=&#8221;{}&#8221;]<\/p>\n<p class=\"p1\">A <strong>mobinteg<\/strong> \u00e9 uma empresa tecnol\u00f3gica sediada em Lisboa, que fornece solu\u00e7\u00f5es de software especializado e est\u00e1 sempre \u00e0 procura de profissionais entusi\u00e1sticos para trabalhar em estreita colabora\u00e7\u00e3o com a sua equipa.<\/p>\n<p class=\"p1\">Esta \u00e9 uma excelente oportunidade para trabalhar com uma empresa vencedora que desenvolve solu\u00e7\u00f5es a n\u00edvel mundial, com tecnologias de ponta.<\/p>\n<p class=\"p1\">Os candidatos ideais ter\u00e3o um forte interesse em desenvolvimento mobile e web, na ind\u00fastria do design mobile e web, e nas tecnologias mobile e web em geral.<\/p>\n<p class=\"p1\">Estamos \u00e0 procura de profissionais preparados para um novo come\u00e7o, com fome de aprender e investir nas suas carreiras, experientes, curiosos e que procurem as melhores solu\u00e7\u00f5es para problemas desafiantes.<\/p>\n<p class=\"p1\">Est\u00e1s preparado\/a?<\/p>\n<p>[\/et_pb_text][\/et_pb_column][et_pb_column type=&#8221;1_4&#8243; _builder_version=&#8221;4.16&#8243; _module_preset=&#8221;default&#8221; global_colors_info=&#8221;{}&#8221;][\/et_pb_column][\/et_pb_row][\/et_pb_section][et_pb_section fb_built=&#8221;1&#8243; prev_background_color=&#8221;#ffffff&#8221; _builder_version=&#8221;4.17.3&#8243; _module_preset=&#8221;default&#8221; background_color=&#8221;#33ADFF&#8221; custom_padding=&#8221;100px||100px||true|false&#8221; top_divider_style=&#8221;slant2&#8243; bottom_divider_style=&#8221;slant2&#8243; bottom_divider_color=&#8221;#FFFFFF&#8221; bottom_divider_flip=&#8221;horizontal|vertical&#8221; global_colors_info=&#8221;{}&#8221;][et_pb_row _builder_version=&#8221;4.17.3&#8243; _module_preset=&#8221;default&#8221; global_colors_info=&#8221;{}&#8221;][et_pb_column type=&#8221;4_4&#8243; _builder_version=&#8221;4.17.3&#8243; _module_preset=&#8221;default&#8221; global_colors_info=&#8221;{}&#8221;][et_pb_text _builder_version=&#8221;4.17.3&#8243; _module_preset=&#8221;8ab12279-bc26-4c75-8b0f-a03a38da1c3f&#8221; header_2_text_align=&#8221;left&#8221; header_2_text_color=&#8221;#FFFFFF&#8221; global_colors_info=&#8221;{}&#8221;]<\/p>\n<h2>O que te oferecemos:<\/h2>\n<p>[\/et_pb_text][\/et_pb_column][\/et_pb_row][et_pb_row _builder_version=&#8221;4.16&#8243; _module_preset=&#8221;default&#8221; global_colors_info=&#8221;{}&#8221;][et_pb_column type=&#8221;4_4&#8243; _builder_version=&#8221;4.16&#8243; _module_preset=&#8221;default&#8221; global_colors_info=&#8221;{}&#8221;][et_pb_text _builder_version=&#8221;4.17.3&#8243; _module_preset=&#8221;8ab12279-bc26-4c75-8b0f-a03a38da1c3f&#8221; text_text_color=&#8221;#FFFFFF&#8221; global_colors_info=&#8221;{}&#8221;]<\/p>\n<p>&#8211; Trabalho remoto, a tempo inteiro: Trabalha a partir de qualquer lugar!\u00a0<br \/>&#8211; Desenvolvimento profissional na tua \u00e1rea<br \/>&#8211; Aquisi\u00e7\u00e3o de conhecimentos em v\u00e1rias \u00e1reas e sobre v\u00e1rias ferramentas<br \/>&#8211; Uma equipa jovem, din\u00e2mica e criativa, de diferentes pontos do mundo<br \/>&#8211; Encontros mensais com toda a equipa no nosso escrit\u00f3rio de Lisboa<\/p>\n<p>[\/et_pb_text][\/et_pb_column][\/et_pb_row][\/et_pb_section][et_pb_section fb_built=&#8221;1&#8243; _builder_version=&#8221;4.16&#8243; _module_preset=&#8221;default&#8221; locked=&#8221;off&#8221; global_colors_info=&#8221;{}&#8221;][et_pb_row column_structure=&#8221;1_3,2_3&#8243; use_custom_gutter=&#8221;on&#8221; gutter_width=&#8221;1&#8243; _builder_version=&#8221;4.17.4&#8243; _module_preset=&#8221;default&#8221; custom_css_main_element=&#8221;  display: flex;||  align-items: center;||  justify-content: center;&#8221; global_colors_info=&#8221;{}&#8221; custom_css_main_element_tablet=&#8221;display: block;&#8221; custom_css_main_element_last_edited=&#8221;on|tablet&#8221; custom_css_main_element_phone=&#8221;display: block;&#8221;][et_pb_column type=&#8221;1_3&#8243; _builder_version=&#8221;4.16&#8243; _module_preset=&#8221;default&#8221; global_colors_info=&#8221;{}&#8221;][et_pb_icon font_icon=&#8221;&#xf2b5;||fa||400&#8243; icon_color=&#8221;#33ADFF&#8221; _builder_version=&#8221;4.17.3&#8243; _module_preset=&#8221;default&#8221; global_colors_info=&#8221;{}&#8221;][\/et_pb_icon][\/et_pb_column][et_pb_column type=&#8221;2_3&#8243; _builder_version=&#8221;4.16&#8243; _module_preset=&#8221;default&#8221; global_colors_info=&#8221;{}&#8221;][et_pb_text _builder_version=&#8221;4.17.3&#8243; _module_preset=&#8221;8ab12279-bc26-4c75-8b0f-a03a38da1c3f&#8221; global_colors_info=&#8221;{}&#8221;]<\/p>\n<h3><strong><span>Guiados pelos nossos Valores<\/span><\/strong><\/h3>\n<p>Acreditamos que a cultura de uma empresa deve ser expansiva &#8211; tornada mais rica pela variedade de cultura e experi\u00eancia de vida que cada colaborador traz. \u00a0O que temos em comum \u00e9 o nosso alinhamento em quatro valores fundamentais: trabalhamos com integridade, sempre; respeitamo-nos uns aos outros e ao nosso trabalho; abra\u00e7amos uma paix\u00e3o pela aprendizagem e partilha ao longo da vida; e somos movidos por uma fome insaci\u00e1vel de resolu\u00e7\u00e3o de problemas complexos. Procuramos pessoas que se juntem \u00e0 nossa equipa e que estejam empenhadas em praticar estes valores no dia-a-dia.<\/p>\n<p>[\/et_pb_text][\/et_pb_column][\/et_pb_row][et_pb_row column_structure=&#8221;1_3,2_3&#8243; use_custom_gutter=&#8221;on&#8221; gutter_width=&#8221;1&#8243; _builder_version=&#8221;4.17.3&#8243; _module_preset=&#8221;default&#8221; custom_css_main_element=&#8221;  display: flex;||  align-items: center;||  justify-content: center;&#8221; global_colors_info=&#8221;{}&#8221; custom_css_main_element_tablet=&#8221;display: block;&#8221; custom_css_main_element_last_edited=&#8221;on|tablet&#8221; custom_css_main_element_phone=&#8221;display: block;&#8221;][et_pb_column type=&#8221;1_3&#8243; _builder_version=&#8221;4.16&#8243; _module_preset=&#8221;default&#8221; global_colors_info=&#8221;{}&#8221;][et_pb_icon font_icon=&#8221;&#xf0c0;||fa||900&#8243; icon_color=&#8221;#33ADFF&#8221; _builder_version=&#8221;4.17.3&#8243; _module_preset=&#8221;default&#8221; global_colors_info=&#8221;{}&#8221;][\/et_pb_icon][\/et_pb_column][et_pb_column type=&#8221;2_3&#8243; _builder_version=&#8221;4.16&#8243; _module_preset=&#8221;default&#8221; global_colors_info=&#8221;{}&#8221;][et_pb_text _builder_version=&#8221;4.17.3&#8243; _module_preset=&#8221;8ab12279-bc26-4c75-8b0f-a03a38da1c3f&#8221; header_3_font=&#8221;|700|||||||&#8221; global_colors_info=&#8221;{}&#8221;]<\/p>\n<h3><span>Um lugar para as Pessoas<\/span><\/h3>\n<p>Desde a forma como recebemos os nossos colaboradores at\u00e9 \u00e0s infinitas oportunidades de crescimento, a mobinteg esfor\u00e7a-se para se tornar um lugar onde as pessoas prosperam. Quando te juntas \u00e0 nossa equipa, a equipa de gest\u00e3o ir\u00e1 apoiar activamente o teu desejo de expandires as tuas compet\u00eancias e conhecimentos, com o seu tempo, recursos financeiros, e mentoria.<\/p>\n<p>[\/et_pb_text][\/et_pb_column][\/et_pb_row][et_pb_row column_structure=&#8221;1_3,2_3&#8243; use_custom_gutter=&#8221;on&#8221; gutter_width=&#8221;1&#8243; _builder_version=&#8221;4.17.3&#8243; _module_preset=&#8221;default&#8221; custom_css_main_element=&#8221;  display: flex;||  align-items: center;||  justify-content: center;&#8221; global_colors_info=&#8221;{}&#8221; custom_css_main_element_tablet=&#8221;display: block;&#8221; custom_css_main_element_last_edited=&#8221;on|tablet&#8221; custom_css_main_element_phone=&#8221;display: block;&#8221;][et_pb_column type=&#8221;1_3&#8243; _builder_version=&#8221;4.16&#8243; _module_preset=&#8221;default&#8221; global_colors_info=&#8221;{}&#8221;][et_pb_image _builder_version=&#8221;4.17.3&#8243; _module_preset=&#8221;default&#8221; global_colors_info=&#8221;{}&#8221;][\/et_pb_image][et_pb_icon font_icon=&#8221;&#xf0b1;||fa||900&#8243; icon_color=&#8221;#33ADFF&#8221; _builder_version=&#8221;4.17.3&#8243; _module_preset=&#8221;default&#8221; global_colors_info=&#8221;{}&#8221;][\/et_pb_icon][\/et_pb_column][et_pb_column type=&#8221;2_3&#8243; _builder_version=&#8221;4.16&#8243; _module_preset=&#8221;default&#8221; global_colors_info=&#8221;{}&#8221;][et_pb_text _builder_version=&#8221;4.17.3&#8243; _module_preset=&#8221;8ab12279-bc26-4c75-8b0f-a03a38da1c3f&#8221; header_3_font=&#8221;|700|||||||&#8221; global_colors_info=&#8221;{}&#8221;]<\/p>\n<h3><span><strong>Ambiente de Trabalho Flex\u00edvel<\/strong><\/span><\/h3>\n<p>Acreditamos que as equipas trabalham melhor quando colaboram, e estar no escrit\u00f3rio pode ajudar a refor\u00e7ar a rela\u00e7\u00e3o entre os membros da equipa.\u00a0<\/p>\n<p>No entanto, sabemos que estar no escrit\u00f3rio n\u00e3o \u00e9 um pr\u00e9-requisito para fazer um grande trabalho, por isso temos uma pol\u00edtica de trabalho flex\u00edvel em vigor.<\/p>\n<p>Basta ter em mente que, com a m\u00e1xima liberdade, vem a m\u00e1xima responsabilidade.<\/p>\n<p>[\/et_pb_text][\/et_pb_column][\/et_pb_row][et_pb_row column_structure=&#8221;1_3,2_3&#8243; use_custom_gutter=&#8221;on&#8221; gutter_width=&#8221;1&#8243; _builder_version=&#8221;4.17.3&#8243; _module_preset=&#8221;default&#8221; custom_css_main_element=&#8221;  display: flex;||  align-items: center;||  justify-content: center;&#8221; global_colors_info=&#8221;{}&#8221; custom_css_main_element_tablet=&#8221;display: block;&#8221; custom_css_main_element_last_edited=&#8221;on|tablet&#8221; custom_css_main_element_phone=&#8221;display: block;&#8221;][et_pb_column type=&#8221;1_3&#8243; _builder_version=&#8221;4.16&#8243; _module_preset=&#8221;default&#8221; global_colors_info=&#8221;{}&#8221;][et_pb_image _builder_version=&#8221;4.17.3&#8243; _module_preset=&#8221;default&#8221; global_colors_info=&#8221;{}&#8221;][\/et_pb_image][et_pb_icon font_icon=&#8221;&#xe066;||fa||900&#8243; icon_color=&#8221;#33ADFF&#8221; _builder_version=&#8221;4.17.3&#8243; _module_preset=&#8221;default&#8221; global_colors_info=&#8221;{}&#8221;][\/et_pb_icon][\/et_pb_column][et_pb_column type=&#8221;2_3&#8243; _builder_version=&#8221;4.16&#8243; _module_preset=&#8221;default&#8221; global_colors_info=&#8221;{}&#8221;][et_pb_text _builder_version=&#8221;4.17.3&#8243; _module_preset=&#8221;8ab12279-bc26-4c75-8b0f-a03a38da1c3f&#8221; header_3_font=&#8221;|700|||||||&#8221; global_colors_info=&#8221;{}&#8221;]<\/p>\n<h3><span>Equil\u00edbrio Trabalho-Vida Pessoal<\/span><\/h3>\n<p>Queremos que a mobinteg seja um lugar a que possas chamar casa, mas sabemos que n\u00e3o \u00e9 a tua \u00fanica casa. O nosso ambiente capacita-te a dar o teu melhor no trabalho, para que tenhas tempo para desfrutar de todas as outras experi\u00eancias que te enriquecem.<\/p>\n<p>[\/et_pb_text][\/et_pb_column][\/et_pb_row][et_pb_row column_structure=&#8221;1_3,2_3&#8243; use_custom_gutter=&#8221;on&#8221; gutter_width=&#8221;1&#8243; _builder_version=&#8221;4.17.3&#8243; _module_preset=&#8221;default&#8221; custom_css_main_element=&#8221;  display: flex;||  align-items: center;||  justify-content: center;&#8221; global_colors_info=&#8221;{}&#8221; custom_css_main_element_tablet=&#8221;display: block;&#8221; custom_css_main_element_last_edited=&#8221;on|tablet&#8221; custom_css_main_element_phone=&#8221;display: block;&#8221;][et_pb_column type=&#8221;1_3&#8243; _builder_version=&#8221;4.16&#8243; _module_preset=&#8221;default&#8221; global_colors_info=&#8221;{}&#8221;][et_pb_icon font_icon=&#8221;&#xf57d;||fa||900&#8243; icon_color=&#8221;#33ADFF&#8221; _builder_version=&#8221;4.17.3&#8243; _module_preset=&#8221;default&#8221; global_colors_info=&#8221;{}&#8221;][\/et_pb_icon][\/et_pb_column][et_pb_column type=&#8221;2_3&#8243; _builder_version=&#8221;4.16&#8243; _module_preset=&#8221;default&#8221; global_colors_info=&#8221;{}&#8221;][et_pb_text _builder_version=&#8221;4.17.3&#8243; _module_preset=&#8221;8ab12279-bc26-4c75-8b0f-a03a38da1c3f&#8221; header_3_font=&#8221;|700|||||||&#8221; global_colors_info=&#8221;{}&#8221;]<\/p>\n<h3><span>Diversidade<\/span><\/h3>\n<p>A <strong>mobinteg<\/strong> \u00e9 um empregador de igualdade de oportunidades e acolhe favoravelmente as candidaturas de todos os setores da sociedade e n\u00e3o discrimina com base na ra\u00e7a, religi\u00e3o ou cren\u00e7a, origem \u00e9tnica ou nacional, defici\u00eancia, idade, cidadania, estado civil, estado civil ou conjugal, orienta\u00e7\u00e3o sexual, ou identidade de g\u00e9nero.\u00a0<\/p>\n<p>[\/et_pb_text][\/et_pb_column][\/et_pb_row][\/et_pb_section][et_pb_section fb_built=&#8221;1&#8243; _builder_version=&#8221;4.17.3&#8243; _module_preset=&#8221;default&#8221; global_colors_info=&#8221;{}&#8221;][et_pb_row _builder_version=&#8221;4.17.3&#8243; _module_preset=&#8221;default&#8221; global_colors_info=&#8221;{}&#8221;][et_pb_column type=&#8221;4_4&#8243; _builder_version=&#8221;4.17.3&#8243; _module_preset=&#8221;default&#8221; global_colors_info=&#8221;{}&#8221;][et_pb_text _builder_version=&#8221;4.24.0&#8243; _module_preset=&#8221;8ab12279-bc26-4c75-8b0f-a03a38da1c3f&#8221; link_text_color=&#8221;#282828&#8243; hover_enabled=&#8221;0&#8243; global_colors_info=&#8221;{}&#8221; sticky_enabled=&#8221;0&#8243;]<\/p>\n<h2>Vem fazer parte da <a href=\"https:\/\/mobinteg.com\/pt-pt\/a-nossa-equipa\/\" style=\"color: #33adff!important;\">Nossa Equipa<\/a>, numa destas fun\u00e7\u00f5es:<\/h2>\n<h2><\/h2>\n<p><a href=\"https:\/\/www.itjobs.pt\/oferta\/483828\/software-developer\" title=\"Software Developer\" target=\"_blank\" rel=\"noopener\"><img decoding=\"async\" src=\"https:\/\/mobinteg.com\/wp-content\/uploads\/2022\/05\/link-azul.svg\" style=\"width: 15px; margin-right: 10px;\" \/>Software Developer<\/a><br \/><a href=\"https:\/\/www.itjobs.pt\/oferta\/483829\/mobile-developer-trainee\" title=\"Mobile Developer Trainee\" target=\"_blank\" rel=\"noopener\"><img decoding=\"async\" src=\"https:\/\/mobinteg.com\/wp-content\/uploads\/2022\/05\/link-azul.svg\" style=\"width: 15px; margin-right: 10px;\" \/>Mobile Developer Trainee<\/a><br \/><a href=\"https:\/\/www.itjobs.pt\/oferta\/483830\/mobile-developer\" title=\"Mobile Developer\" target=\"_blank\" rel=\"noopener\"><img decoding=\"async\" src=\"https:\/\/mobinteg.com\/wp-content\/uploads\/2022\/05\/link-azul.svg\" style=\"width: 15px; margin-right: 10px;\" \/>Mobile Developer<\/a><br \/><a href=\"https:\/\/www.itjobs.pt\/oferta\/484011\/net-software-developer\" title=\".NET Software Developer\" target=\"_blank\" rel=\"noopener\"><img decoding=\"async\" src=\"https:\/\/mobinteg.com\/wp-content\/uploads\/2022\/05\/link-azul.svg\" style=\"width: 15px; margin-right: 10px;\" \/>.NET Software Developer<\/a><a href=\"https:\/\/www.itjobs.pt\/oferta\/457618\/net-software-developer\" target=\"_blank\" rel=\"noopener\"><br \/><\/a><a href=\"https:\/\/www.itjobs.pt\/oferta\/483831\/php-software-developer\" title=\"PHP Software Developer\" target=\"_blank\" rel=\"noopener\"><img decoding=\"async\" src=\"https:\/\/mobinteg.com\/wp-content\/uploads\/2022\/05\/link-azul.svg\" style=\"width: 15px; margin-right: 10px;\" \/>PHP Software Developer<\/a><\/p>\n<p><a href=\"https:\/\/bit.ly\/3uPTAJy\" target=\"_blank\" rel=\"noopener\"><\/a><\/p>\n<p>[\/et_pb_text][\/et_pb_column][\/et_pb_row][\/et_pb_section]<\/p>\n","protected":false},"excerpt":{"rendered":"<p>CareersA mobinteg \u00e9 uma empresa tecnol\u00f3gica sediada em Lisboa, que fornece solu\u00e7\u00f5es de software especializado e est\u00e1 sempre \u00e0 procura de profissionais entusi\u00e1sticos para trabalhar em estreita colabora\u00e7\u00e3o com a sua equipa. Esta \u00e9 uma excelente oportunidade para trabalhar com uma empresa vencedora que desenvolve solu\u00e7\u00f5es a n\u00edvel mundial, com tecnologias de ponta. Os candidatos [&hellip;]<\/p>\n","protected":false},"author":1,"featured_media":0,"parent":0,"menu_order":10,"comment_status":"closed","ping_status":"closed","template":"","meta":{"_et_pb_use_builder":"on","_et_pb_old_content":"","_et_gb_content_width":"","inline_featured_image":false,"footnotes":""},"class_list":["post-8648","page","type-page","status-publish","hentry"],"_links":{"self":[{"href":"https:\/\/mobinteg.com\/pt-pt\/wp-json\/wp\/v2\/pages\/8648","targetHints":{"allow":["GET"]}}],"collection":[{"href":"https:\/\/mobinteg.com\/pt-pt\/wp-json\/wp\/v2\/pages"}],"about":[{"href":"https:\/\/mobinteg.com\/pt-pt\/wp-json\/wp\/v2\/types\/page"}],"author":[{"embeddable":true,"href":"https:\/\/mobinteg.com\/pt-pt\/wp-json\/wp\/v2\/users\/1"}],"replies":[{"embeddable":true,"href":"https:\/\/mobinteg.com\/pt-pt\/wp-json\/wp\/v2\/comments?post=8648"}],"version-history":[{"count":5,"href":"https:\/\/mobinteg.com\/pt-pt\/wp-json\/wp\/v2\/pages\/8648\/revisions"}],"predecessor-version":[{"id":12633,"href":"https:\/\/mobinteg.com\/pt-pt\/wp-json\/wp\/v2\/pages\/8648\/revisions\/12633"}],"wp:attachment":[{"href":"https:\/\/mobinteg.com\/pt-pt\/wp-json\/wp\/v2\/media?parent=8648"}],"curies":[{"name":"wp","href":"https:\/\/api.w.org\/{rel}","templated":true}]}}