{"id":9745,"date":"2022-05-03T09:51:03","date_gmt":"2022-05-03T09:51:03","guid":{"rendered":"https:\/\/mobinteg.com\/cookie-policy\/"},"modified":"2024-02-21T10:29:46","modified_gmt":"2024-02-21T10:29:46","slug":"politica-de-cookies","status":"publish","type":"page","link":"https:\/\/mobinteg.com\/pt-pt\/politica-de-cookies\/","title":{"rendered":"Pol\u00edtica de Cookies"},"content":{"rendered":"<p>[et_pb_section fb_built=&#8221;1&#8243; admin_label=&#8221;Header&#8221; module_class=&#8221;general-header&#8221; _builder_version=&#8221;4.17.3&#8243; _module_preset=&#8221;default&#8221; background_video_mp4=&#8221;https:\/\/mobinteg.com\/wp-content\/uploads\/2022\/05\/video.mp4&#8243; custom_css_after=&#8221;content: %22%22;||display: block;||position: absolute;||top: 0;||left: 0;||width: 100%;||height: 100%;||background-color: rgba(0,153,255,0.4);||z-index: 1;&#8221; locked=&#8221;off&#8221; global_colors_info=&#8221;{}&#8221;][et_pb_row _builder_version=&#8221;4.17.3&#8243; _module_preset=&#8221;default&#8221; global_colors_info=&#8221;{}&#8221;][et_pb_column type=&#8221;4_4&#8243; _builder_version=&#8221;4.17.3&#8243; _module_preset=&#8221;default&#8221; global_colors_info=&#8221;{}&#8221;][et_pb_text _builder_version=&#8221;4.17.3&#8243; _module_preset=&#8221;default&#8221; header_font=&#8221;|800|||||||&#8221; header_text_color=&#8221;#FFFFFF&#8221; custom_padding=&#8221;100px||100px||true|false&#8221; global_colors_info=&#8221;{}&#8221;]<\/p>\n<h1>Pol\u00edtica de Cookies<\/h1>\n<p>[\/et_pb_text][\/et_pb_column][\/et_pb_row][\/et_pb_section][et_pb_section fb_built=&#8221;1&#8243; admin_label=&#8221;section&#8221; _builder_version=&#8221;4.17.3&#8243; custom_margin=&#8221;||||false|false&#8221; custom_padding=&#8221;||||false|false&#8221; global_colors_info=&#8221;{}&#8221;][et_pb_row admin_label=&#8221;row&#8221; _builder_version=&#8221;4.17.3&#8243; background_size=&#8221;initial&#8221; background_position=&#8221;top_left&#8221; background_repeat=&#8221;repeat&#8221; custom_margin=&#8221;||||false|false&#8221; global_colors_info=&#8221;{}&#8221;][et_pb_column type=&#8221;4_4&#8243; _builder_version=&#8221;4.16&#8243; custom_padding=&#8221;|||&#8221; global_colors_info=&#8221;{}&#8221; custom_padding__hover=&#8221;|||&#8221;][et_pb_text admin_label=&#8221;Text&#8221; _builder_version=&#8221;4.17.3&#8243; _module_preset=&#8221;8ab12279-bc26-4c75-8b0f-a03a38da1c3f&#8221; background_size=&#8221;initial&#8221; background_position=&#8221;top_left&#8221; background_repeat=&#8221;repeat&#8221; custom_margin=&#8221;||50px||false|false&#8221; global_colors_info=&#8221;{}&#8221;]<\/p>\n<p><em>Efetivo desde: 2022-05-03<\/em><\/p>\n<h2><\/h2>\n<h2>Termos &amp; Condi\u00e7\u00f5es<\/h2>\n<p>Estamos empenhados em proporcionar uma experi\u00eancia de navega\u00e7\u00e3o mais f\u00e1cil de utilizar e em ser transparentes na forma como recolhemos e processamos os dados dos utilizadores quando acedem ao nosso website em <a href=\"https:\/\/mobinteg.com\/\">https:\/\/mobinteg.com\/<\/a>\u00a0(doravante &#8220;o website&#8221;). Esta Pol\u00edtica de Cookies explica em pormenor o que s\u00e3o cookies e como a informa\u00e7\u00e3o recebida pode ser utilizada.<\/p>\n<p>[\/et_pb_text][et_pb_text admin_label=&#8221;Text&#8221; _builder_version=&#8221;4.17.3&#8243; _module_preset=&#8221;8ab12279-bc26-4c75-8b0f-a03a38da1c3f&#8221; background_size=&#8221;initial&#8221; background_position=&#8221;top_left&#8221; background_repeat=&#8221;repeat&#8221; custom_margin=&#8221;||50px||false|false&#8221; global_colors_info=&#8221;{}&#8221;]<\/p>\n<h2>Quem somos?<\/h2>\n<p>A mobinteg &#8211; Solu\u00e7\u00f5es Empresariais de Mobilidade, Lda (&#8220;n\u00f3s&#8221;, &#8220;n\u00f3s&#8221;, &#8220;nosso&#8221;, ou &#8220;mobinteg&#8221;) criou este website para comunicar com visitantes casuais, potenciais clientes, e empresas interessadas nos nossos servi\u00e7os, bem como para fornecer informa\u00e7\u00f5es sobre a mobinteg e a ind\u00fastria de outsourcing de IT. Damos as boas-vindas aos visitantes para verem casualmente informa\u00e7\u00f5es no nosso website e utilizarem o mesmo para comunicarem directamente com a mobinteg.<\/p>\n<p>Queremos que o nosso website seja informativo, pessoal e de f\u00e1cil utiliza\u00e7\u00e3o e que os cookies nos ajudem a atingir este objectivo.<\/p>\n<p>Ao visitar o website, recebe a notifica\u00e7\u00e3o de consentimento dos cookies. Pode concordar com a utiliza\u00e7\u00e3o de cookies estabelecidos nesta Pol\u00edtica ou ajustar as defini\u00e7\u00f5es do navegador pessoal. No caso de rejeitar a notifica\u00e7\u00e3o, o website poder\u00e1 n\u00e3o funcionar correctamente.<\/p>\n<p>[\/et_pb_text][et_pb_text admin_label=&#8221;Text&#8221; _builder_version=&#8221;4.17.3&#8243; _module_preset=&#8221;8ab12279-bc26-4c75-8b0f-a03a38da1c3f&#8221; background_size=&#8221;initial&#8221; background_position=&#8221;top_left&#8221; background_repeat=&#8221;repeat&#8221; custom_margin=&#8221;||50px||false|false&#8221; global_colors_info=&#8221;{}&#8221;]<\/p>\n<h2>O que s\u00e3o cookies?<\/h2>\n<p>Os cookies s\u00e3o pequenos peda\u00e7os de texto que s\u00e3o armazenados no seu dispositivo quando visita um website. Durante as suas novas visitas ao website, as informa\u00e7\u00f5es armazenadas nos cookies s\u00e3o reenviadas para o website. Isto permite que o website o reconhe\u00e7a e adapte o seu conte\u00fado \u00e0s suas necessidades.<\/p>\n<p>O website mobinteg utiliza diferentes tipos de cookies:<\/p>\n<ul>\n<li><strong>Os cookies de sess\u00e3o s\u00e3o tempor\u00e1rios.<\/strong> Expiram automaticamente assim que o utilizador deixa o website. Os cookies de sess\u00e3o s\u00e3o normalmente de primeira origem e permitem o funcionamento necess\u00e1rio do website.<\/li>\n<li><strong>Os cookies persistentes<\/strong> permanecem no seu dispositivo e expiram numa data espec\u00edfica. Estes cookies podem ser estabelecidos pelo pr\u00f3prio website ou por terceiros em funcionamento no website.<\/li>\n<li><strong>Os cookies de primeira m\u00e3o<\/strong> pertencem ao nosso website e permitem recordar ac\u00e7\u00f5es anteriores e prefer\u00eancias de dados do utilizador.<\/li>\n<li><strong>Os cookies de terceiros<\/strong> s\u00e3o colocados por terceiros no dispositivo do utilizador atrav\u00e9s do nosso website, permitindo que caracter\u00edsticas ou funcionalidades de terceiros sejam fornecidas no website ou atrav\u00e9s dele (por exemplo, relatar estat\u00edsticas de utiliza\u00e7\u00e3o ou entregar an\u00fancios).<\/li>\n<\/ul>\n<p>Os cookies de primeira e terceira parte t\u00eam uma vasta gama de prop\u00f3sitos, os principais s\u00e3o descritos abaixo.<\/p>\n<p>Os<strong> cookies essenciais<\/strong> ou <strong>estritamente necess\u00e1rios<\/strong> s\u00e3o uma forma b\u00e1sica da mem\u00f3ria do website utilizada para armazenar prefer\u00eancias seleccionadas pelos utilizadores num determinado site, permitindo a utiliza\u00e7\u00e3o de algumas caracter\u00edsticas, tais como o acesso a \u00e1reas seguras do website.<\/p>\n<p>Os <strong>cookies de desempenho<\/strong> recolhem informa\u00e7\u00f5es sobre a forma como os visitantes utilizam o website, por exemplo, que p\u00e1ginas os utilizadores visitam com mais frequ\u00eancia, ou se recebem mensagens de erro das p\u00e1ginas web. Estes cookies n\u00e3o recolhem informa\u00e7\u00f5es que identifiquem um visitante. Esta informa\u00e7\u00e3o \u00e9 an\u00f3nima e ajuda a melhorar a experi\u00eancia de navega\u00e7\u00e3o.<\/p>\n<p>Os <strong>cookies de funcionalidade<\/strong> permitem ao website recordar as escolhas que faz (por exemplo, o nome de utilizador, a l\u00edngua ou a regi\u00e3o) e fornecer caracter\u00edsticas melhoradas e mais personalizadas. Os cookies de funcionalidade s\u00e3o utilizados para lembrar as altera\u00e7\u00f5es aplicadas \u00e0s partes personaliz\u00e1veis das p\u00e1ginas web. As informa\u00e7\u00f5es recebidas dos cookies podem ser an\u00f3nimas. Al\u00e9m disso, a actividade de navega\u00e7\u00e3o em outros s\u00edtios web n\u00e3o pode ser rastreada.<\/p>\n<p>Os <strong>cookies de publicidade<\/strong> s\u00e3o utilizados para fornecer mais publicidade baseada em interesses. S\u00e3o tamb\u00e9m utilizados para limitar o n\u00famero de vezes que se v\u00ea um an\u00fancio e ajudam a medir a efic\u00e1cia das campanhas publicit\u00e1rias. Este tipo de cookies \u00e9 normalmente colocado por redes de publicidade com a nossa permiss\u00e3o. Lembram-se que o utilizador visitou um website e esta informa\u00e7\u00e3o \u00e9 partilhada com terceiros. Muitas vezes os cookies de publicidade ou de orienta\u00e7\u00e3o ser\u00e3o ligados \u00e0 funcionalidade do website fornecida por terceiros.<\/p>\n<p>[\/et_pb_text][et_pb_text admin_label=&#8221;Text&#8221; _builder_version=&#8221;4.17.3&#8243; _module_preset=&#8221;8ab12279-bc26-4c75-8b0f-a03a38da1c3f&#8221; background_size=&#8221;initial&#8221; background_position=&#8221;top_left&#8221; background_repeat=&#8221;repeat&#8221; custom_margin=&#8221;||50px||false|false&#8221; global_colors_info=&#8221;{}&#8221;]<\/p>\n<h2>Porque \u00e9 que a mobinteg usa cookies?<\/h2>\n<p>Assim que acede ao website, s\u00e3o colocados v\u00e1rios ficheiros de cookies no seu navegador. Esta informa\u00e7\u00e3o pode ser utilizada para:<\/p>\n<ul>\n<li>Activar a funcionalidade do website e testar novas p\u00e1ginas e caracter\u00edsticas, com o objectivo de ver como os utilizadores reagem a elas.<\/li>\n<li>Processar dados anal\u00edticos e rastrear informa\u00e7\u00e3o sobre a forma como o website \u00e9 utilizado, para que possamos fazer melhorias.<\/li>\n<li>Analisar o website em rela\u00e7\u00e3o \u00e0s escolhas e ac\u00e7\u00f5es dos utilizadores, a fim de detectar o que altera o comportamento ou a interface do website.<\/li>\n<li>Recolher informa\u00e7\u00f5es sobre as suas actividades no website para lhe fornecer a publicidade relevante no nosso e noutros websites.<\/li>\n<\/ul>\n<p>Os dados recolhidos atrav\u00e9s de cookies, que podem ser colocados no seu dispositivo, ser\u00e3o armazenados apenas enquanto forem necess\u00e1rios para cumprir as finalidades acima mencionadas.<\/p>\n<p>[\/et_pb_text][et_pb_text admin_label=&#8221;Text&#8221; _builder_version=&#8221;4.17.3&#8243; _module_preset=&#8221;8ab12279-bc26-4c75-8b0f-a03a38da1c3f&#8221; background_size=&#8221;initial&#8221; background_position=&#8221;top_left&#8221; background_repeat=&#8221;repeat&#8221; custom_margin=&#8221;||50px||false|false&#8221; global_colors_info=&#8221;{}&#8221;]<\/p>\n<h2>Quais s\u00e3o as suas escolhas em rela\u00e7\u00e3o aos cookies?<\/h2>\n<p>Se desejar apagar cookies ou instruir o seu navegador web para apagar ou recusar cookies, por favor visite as p\u00e1ginas de ajuda do seu navegador web.<\/p>\n<p>Note, contudo, que se apagar os cookies ou se recusar a aceit\u00e1-los, poder\u00e1 n\u00e3o conseguir utilizar todas as funcionalidades que oferecemos, poder\u00e1 n\u00e3o conseguir armazenar as suas prefer\u00eancias, e algumas das nossas p\u00e1ginas poder\u00e3o n\u00e3o ser exibidas correctamente.<\/p>\n<p>&nbsp;<\/p>\n<ul>\n<li>Para o navegador Chrome, visite esta p\u00e1gina do Google: <span style=\"font-size: 1vmax;\"><br \/><\/span><a href=\"https:\/\/support.google.com\/accounts\/answer\/32050\" target=\"_blank\" rel=\"noopener noreferrer\" style=\"font-size: 1vmax;\">https:\/\/support.google.com\/accounts\/answer\/32050<\/a><\/li>\n<li>Para o navegador Internet Explorer web browser, visite esta p\u00e1gina da Microsoft:<br \/><a href=\"http:\/\/support.microsoft.com\/kb\/278835\" target=\"_blank\" rel=\"noopener noreferrer\">http:\/\/support.microsoft.com\/kb\/278835<\/a><\/li>\n<li>Para o navegador Firefox, visite esta p\u00e1gina da Mozilla:<br \/><a href=\"https:\/\/support.mozilla.org\/en-US\/kb\/delete-cookies-remove-info-websites-stored\" target=\"_blank\" rel=\"noopener noreferrer\">https:\/\/support.mozilla.org\/en-US\/kb\/delete-cookies-remove-info-websites-stored<\/a><\/li>\n<li>Para o navegador Safari, visite esta p\u00e1gina da Apple:<br \/><a href=\"https:\/\/support.apple.com\/guide\/safari\/manage-cookies-and-website-data-sfri11471\/mac\" target=\"_blank\" rel=\"noopener noreferrer\">https:\/\/support.apple.com\/guide\/safari\/manage-cookies-and-website-data-sfri11471\/mac<\/a><\/li>\n<li>Para qualquer outro navegador, visite as p\u00e1ginas oficiais do seu navegador.<\/li>\n<\/ul>\n<p>[\/et_pb_text][et_pb_text admin_label=&#8221;Text&#8221; _builder_version=&#8221;4.17.3&#8243; _module_preset=&#8221;8ab12279-bc26-4c75-8b0f-a03a38da1c3f&#8221; background_size=&#8221;initial&#8221; background_position=&#8221;top_left&#8221; background_repeat=&#8221;repeat&#8221; custom_margin=&#8221;||50px||false|false&#8221; global_colors_info=&#8221;{}&#8221;]<\/p>\n<h2>Informa\u00e7\u00e3o detalhada sobre cookies<\/h2>\n<p>Pode saber mais sobre cookies e sites de terceiros seguindo estas liga\u00e7\u00f5es:<\/p>\n<ul>\n<li>Tudo sobre Cookies: <a href=\"http:\/\/www.allaboutcookies.org\/\" target=\"_blank\" rel=\"noopener noreferrer\">http:\/\/www.allaboutcookies.org\/<\/a><\/li>\n<li>Network Advertising Initiative:\u00a0<a href=\"http:\/\/www.networkadvertising.org\/\" target=\"_blank\" rel=\"noopener noreferrer\">http:\/\/www.networkadvertising.org\/<\/a><\/li>\n<\/ul>\n<p>Se quiser exercer os seus direitos, por favor contacte-nos.<\/p>\n<p>[\/et_pb_text][et_pb_text admin_label=&#8221;Text&#8221; _builder_version=&#8221;4.17.3&#8243; _module_preset=&#8221;8ab12279-bc26-4c75-8b0f-a03a38da1c3f&#8221; background_size=&#8221;initial&#8221; background_position=&#8221;top_left&#8221; background_repeat=&#8221;repeat&#8221; custom_padding=&#8221;||5px|||&#8221; global_colors_info=&#8221;{}&#8221;]<\/p>\n<h2>Contactos<\/h2>\n<p>Se tiver quaisquer perguntas ou coment\u00e1rios sobre esta Pol\u00edtica de Cookie, por favor envie um e-mail para <a href=\"mailto:info@mobinteg.com\">info@mobinteg.com<\/a> com o assunto &#8220;Pedido de Pol\u00edtica de Cookies&#8221;.<\/p>\n<p>[\/et_pb_text][\/et_pb_column][\/et_pb_row][\/et_pb_section]<\/p>\n","protected":false},"excerpt":{"rendered":"<p>Pol\u00edtica de CookiesEfetivo desde: 2022-05-03 Termos &amp; Condi\u00e7\u00f5es Estamos empenhados em proporcionar uma experi\u00eancia de navega\u00e7\u00e3o mais f\u00e1cil de utilizar e em ser transparentes na forma como recolhemos e processamos os dados dos utilizadores quando acedem ao nosso website em https:\/\/mobinteg.com\/\u00a0(doravante &#8220;o website&#8221;). Esta Pol\u00edtica de Cookies explica em pormenor o que s\u00e3o cookies e [&hellip;]<\/p>\n","protected":false},"author":1,"featured_media":0,"parent":0,"menu_order":100,"comment_status":"closed","ping_status":"closed","template":"","meta":{"_et_pb_use_builder":"on","_et_pb_old_content":"<em>Effective: 2022-05-03<\/em>\r\n<h2>Terms & Conditions<\/h2>\r\nWe are committed to providing a more user-friendly browsing experience and being transparent in the way we collect and process the user data when you access our website at\u00a0<a href=\"https:\/\/mobinteg.com\/\" target=\"_blank\" rel=\"noopener noreferrer\">https:\/\/mobinteg.com\/<\/a>\u00a0website (hereinafter \u201cthe website\u201d). This Cookie Policy explains in detail what are cookies and how the received information can be used.\r\n<h2>Who are we?<\/h2>\r\nmobinteg - Solu\u00e7\u00f5es Empresariais de Mobilidade, Lda \u00a0(\u201cus\u201d, \u201cwe\u201d, \u201cour\u201d, or \u201cmobinteg\u201d) has created this website to communicate with casual visitors, potential clients, and companies interested in our services as well as to provide information about mobinteg and the IT outsourcing industry. We welcome visitors to casually view information on our website and to use the site to directly communicate with mobinteg.\r\n\r\nWe want our website to be informative, personal, and user-friendly and cookies help us achieve this goal.\r\n\r\nBy visiting the website, you receive the cookies consent notification. You can agree to the use of cookies set out in this Policy or adjust personal browser settings. In case you reject the notification, the website may not work properly.\r\n<h2>What are cookies?<\/h2>\r\nCookies are small pieces of text that are stored on your device when you visit a website. During your further visits to the website, the information stored in the cookie is sent back to the site. This allows the website to recognize you and tailor its content to your needs.\r\n\r\nmobinteg website uses different types of cookies:\r\n<ul>\r\n \t<li><strong>Session cookies are temporary.<\/strong>\u00a0They automatically expire once the user leaves the website. Session cookies usually are of first-party provenance and enable the necessary functioning of the website.<\/li>\r\n \t<li><strong>Persistent cookies<\/strong>\u00a0remain on your device and expire at a specific date. These cookies can be set by the website itself or by third parties in operation of the website.<\/li>\r\n \t<li><strong>First-party cookies<\/strong>\u00a0belong to our website and allow to remember previous actions and data preferences of the user.<\/li>\r\n \t<li><strong>Third-party cookies<\/strong>\u00a0are set by third parties on the user\u2019s device through our\u00a0website, enabling third party features or functionality to be provided on or through the website (for example, report usage statistics or deliver advertisements).<\/li>\r\n<\/ul>\r\nThe first-party and third-party cookies have a wide range of purposes, the main ones are described below.\r\n\r\n<strong>Essential<\/strong>\u00a0or\u00a0<strong>strictly necessary cookies<\/strong>\u00a0are a basic form of the website memory used to store preferences selected by users on a given site, allowing the use of some features, such as accessing secure areas of the website.\r\n\r\n<strong>Performance cookies<\/strong>\u00a0collect information about the way visitors use the website, for example, which pages users visit most often, or whether they get error messages from the web pages. These cookies don\u2019t collect information that identifies a visitor. This information is anonymous and helps improve the browsing experience.\r\n\r\n<strong>Functionality cookies<\/strong>\u00a0allow the website to remember the choices you make (for example, the user name, language, or region) and provide enhanced, more personalized features. Functionality cookies are used to remember changes applied to the customizable parts of web pages. The received information from cookies can be anonymized. Besides, the browsing activity on other websites cannot be tracked.\r\n\r\n<strong>Targeting<\/strong>\u00a0or\u00a0<strong>advertising cookies<\/strong>\u00a0are used to deliver more interest-based advertising. They are also used to limit the number of times you see an advertisement and help measure the effectiveness of the advertising campaigns. This type of cookies is usually placed by advertising networks with our permission. They remember that you have visited a website and this information is shared with the third parties. Quite often targeting or advertising cookies will be linked to the site functionality provided by the third parties.\r\n<h2>Why does mobinteg use cookies?<\/h2>\r\nOnce you access the website, a number of cookies files are placed in your web browser. This information can be used to:\r\n<ul>\r\n \t<li>Enable the website functionality and test new pages and features, aiming to see how users react to them.<\/li>\r\n \t<li>Process analytical data and track information on how the website is used, so that we can make improvements.<\/li>\r\n \t<li>Analyze the website in respect to user\u2019s choices and actions in order to detect what changes the website behavior or interface.<\/li>\r\n \t<li>Collect information about your activities on the website to provide you with the relevant advertising on our and other sites.<\/li>\r\n<\/ul>\r\nThe data collected through cookies, which may be placed on your device, will be stored only as long as it is needed to fulfil the purposes mentioned above.\r\n<h2>What are your choices regarding cookies?<\/h2>\r\nIf you\u2019d like to delete cookies or instruct your web browser to delete or refuse cookies, please visit the help pages of your web browser.\r\n\r\nPlease note, however, that if you delete cookies or refuse to accept them, you might not be able to use all of the features we offer, you may not be able to store your preferences, and some of our pages might not display properly.\r\n<ul>\r\n \t<li>For the Chrome web browser, please visit this page from Google:\r\n<<a href=\"https:\/\/support.google.com\/accounts\/answer\/32050\" target=\"_blank\" rel=\"noopener noreferrer\">https:\/\/support.google.com\/accounts\/answer\/32050<\/a>><\/li>\r\n \t<li>For the Internet Explorer web browser, please visit this page from\r\nMicrosoft: <<a href=\"http:\/\/support.microsoft.com\/kb\/278835\" target=\"_blank\" rel=\"noopener noreferrer\">http:\/\/support.microsoft.com\/kb\/278835<\/a>><\/li>\r\n \t<li>For the Firefox web browser, please visit this page from Mozilla:\r\n<<a href=\"https:\/\/support.mozilla.org\/en-US\/kb\/delete-cookies-remove-info-websites-stored\" target=\"_blank\" rel=\"noopener noreferrer\">https:\/\/support.mozilla.org\/en-US\/kb\/delete-cookies-remove-info-websites-stored<\/a>><\/li>\r\n \t<li>For the Safari web browser, please visit this page from Apple:\r\n<<a href=\"https:\/\/support.apple.com\/guide\/safari\/manage-cookies-and-website-data-sfri11471\/mac\" target=\"_blank\" rel=\"noopener noreferrer\">https:\/\/support.apple.com\/guide\/safari\/manage-cookies-and-website-data-sfri11471\/mac<\/a>><\/li>\r\n \t<li>For any other web browser, please visit your web browser official web pages.<\/li>\r\n<\/ul>\r\n<h2>Detailed information about cookies<\/h2>\r\nYou can learn more about cookies and third-party websites by following these links:\r\n<ul>\r\n \t<li>All About Cookies:\u00a0<a href=\"http:\/\/www.allaboutcookies.org\/\" target=\"_blank\" rel=\"noopener noreferrer\">http:\/\/www.allaboutcookies.org\/<\/a><\/li>\r\n \t<li>Network Advertising Initiative:\u00a0<a href=\"http:\/\/www.networkadvertising.org\/\" target=\"_blank\" rel=\"noopener noreferrer\">http:\/\/www.networkadvertising.org\/<\/a><\/li>\r\n<\/ul>\r\nIf you want to exercise your rights, please contact us.\r\n<h2>Contact details<\/h2>\r\nIf you have any questions or comments regarding this Cookie Policy, please send an email to <a href=\"mailto:info@mobinteg.com\">info@mobinteg.com<\/a>\u00a0with the subject line \u201cCookie Policy Request\u201d.\r\n\r\n\u00a0","_et_gb_content_width":"","inline_featured_image":false,"footnotes":""},"class_list":["post-9745","page","type-page","status-publish","hentry"],"_links":{"self":[{"href":"https:\/\/mobinteg.com\/pt-pt\/wp-json\/wp\/v2\/pages\/9745","targetHints":{"allow":["GET"]}}],"collection":[{"href":"https:\/\/mobinteg.com\/pt-pt\/wp-json\/wp\/v2\/pages"}],"about":[{"href":"https:\/\/mobinteg.com\/pt-pt\/wp-json\/wp\/v2\/types\/page"}],"author":[{"embeddable":true,"href":"https:\/\/mobinteg.com\/pt-pt\/wp-json\/wp\/v2\/users\/1"}],"replies":[{"embeddable":true,"href":"https:\/\/mobinteg.com\/pt-pt\/wp-json\/wp\/v2\/comments?post=9745"}],"version-history":[{"count":5,"href":"https:\/\/mobinteg.com\/pt-pt\/wp-json\/wp\/v2\/pages\/9745\/revisions"}],"predecessor-version":[{"id":12389,"href":"https:\/\/mobinteg.com\/pt-pt\/wp-json\/wp\/v2\/pages\/9745\/revisions\/12389"}],"wp:attachment":[{"href":"https:\/\/mobinteg.com\/pt-pt\/wp-json\/wp\/v2\/media?parent=9745"}],"curies":[{"name":"wp","href":"https:\/\/api.w.org\/{rel}","templated":true}]}}